{"id":19220,"date":"2022-06-09T15:35:27","date_gmt":"2022-06-09T21:35:27","guid":{"rendered":"https:\/\/lazo.es\/?post_type=product&#038;p=19220"},"modified":"2026-03-16T10:33:18","modified_gmt":"2026-03-16T16:33:18","slug":"papel-bond-ppc-t-c","status":"publish","type":"product","link":"https:\/\/lazo.es\/producto\/papel-bond-ppc-t-c\/","title":{"rendered":"Papel Bond PPC Tama\u00f1o Carta de Alta Calidad para Impresiones Profesionales"},"content":{"rendered":"<p>Papel Bond PPC Carta Blanco 75gsm 8.5&#8243;x11&#8243;<\/p>\n","protected":false},"excerpt":{"rendered":"<p>Papel Bond PPC Carta Blanco 75gsm 8.5&#8243;x11&#8243;<\/p>\n","protected":false},"featured_media":19356,"comment_status":"open","ping_status":"closed","template":"","meta":{"jetpack_publicize_message":"","jetpack_publicize_feature_enabled":true,"jetpack_social_post_already_shared":true,"jetpack_social_options":{"image_generator_settings":{"template":"highway","default_image_id":0,"font":"","enabled":false},"version":2}},"product_brand":[],"product_cat":[731,730],"product_tag":[1267,577,956,1266,917,2821,1545,4191,4190,918,2793,1126,2830,2443,920,4189,1031,922,1315,203],"class_list":{"0":"post-19220","1":"product","2":"type-product","3":"status-publish","4":"has-post-thumbnail","6":"product_cat-papel-bond","7":"product_cat-papeleria","8":"product_tag-archivo","9":"product_tag-blanco","10":"product_tag-calidad","11":"product_tag-documentos","12":"product_tag-escritura","13":"product_tag-fotocopiadora","14":"product_tag-impresion","15":"product_tag-inkjet","16":"product_tag-laser","17":"product_tag-oficina","18":"product_tag-papel-bond","19":"product_tag-papel-de-alta-calidad","20":"product_tag-papel-de-copia","21":"product_tag-papel-de-impresora","22":"product_tag-papeleria","23":"product_tag-ppc","24":"product_tag-resistente","25":"product_tag-suministros-de-oficina","26":"product_tag-tamano-carta","27":"product_tag-tinta","28":"ts_product_brand-ppc","30":"first","31":"instock","32":"product-type-simple"},"yoast_head":"<!-- This site is optimized with the Yoast SEO Premium plugin v27.1 (Yoast SEO v27.2) - https:\/\/yoast.com\/product\/yoast-seo-premium-wordpress\/ -->\n<title>Papel Bond PPC Tama\u00f1o Carta de Alta Calidad para Impresiones Profesionales - LAZO<\/title>\n<meta name=\"description\" content=\"El Papel Bond PPC tama\u00f1o carta es un papel de alta calidad, ideal para impresiones n\u00edtidas y claras, con dimensiones de 8.5 x 11 pulgadas.\" \/>\n<meta name=\"robots\" content=\"index, follow, max-snippet:-1, max-image-preview:large, max-video-preview:-1\" \/>\n<link rel=\"canonical\" href=\"https:\/\/lazo.es\/en\/producto\/papel-bond-ppc-t-c\/\" \/>\n<meta property=\"og:locale\" content=\"en_US\" \/>\n<meta property=\"og:type\" content=\"article\" \/>\n<meta property=\"og:title\" content=\"Papel Bond PPC Tama\u00f1o Carta de Alta Calidad para Impresiones Profesionales - LAZO\" \/>\n<meta property=\"og:description\" content=\"El Papel Bond PPC tama\u00f1o carta es un papel de alta calidad, ideal para impresiones n\u00edtidas y claras, con dimensiones de 8.5 x 11 pulgadas.\" \/>\n<meta property=\"og:url\" content=\"https:\/\/lazo.es\/producto\/papel-bond-ppc-t-c\/\" \/>\n<meta property=\"og:site_name\" content=\"LAZO\" \/>\n<meta property=\"article:publisher\" content=\"https:\/\/www.facebook.com\/lazo.es\/\" \/>\n<meta property=\"article:modified_time\" content=\"2026-03-16T16:33:18+00:00\" \/>\n<meta property=\"og:image\" content=\"https:\/\/lazo.es\/wp-content\/uploads\/2022\/06\/PAPEL-DOBLECARTA.png\" \/>\n\t<meta property=\"og:image:width\" content=\"756\" \/>\n\t<meta property=\"og:image:height\" content=\"720\" \/>\n\t<meta property=\"og:image:type\" content=\"image\/png\" \/>\n<meta name=\"twitter:card\" content=\"summary_large_image\" \/>\n<meta name=\"twitter:site\" content=\"@lazosoluciones\" \/>\n<meta name=\"twitter:label1\" content=\"Price\" \/>\n\t<meta name=\"twitter:data1\" content=\"&#036;0,30\" \/>\n\t<meta name=\"twitter:label2\" content=\"Availability\" \/>\n\t<meta name=\"twitter:data2\" content=\"In stock\" \/>\n<script type=\"application\/ld+json\" class=\"yoast-schema-graph\">{\"@context\":\"https:\/\/schema.org\",\"@graph\":[{\"@type\":[\"WebPage\",\"ItemPage\"],\"@id\":\"https:\/\/lazo.es\/producto\/papel-bond-ppc-t-c\/\",\"url\":\"https:\/\/lazo.es\/producto\/papel-bond-ppc-t-c\/\",\"name\":\"Papel Bond PPC Tama\u00f1o Carta de Alta Calidad para Impresiones Profesionales - LAZO\",\"isPartOf\":{\"@id\":\"https:\/\/lazo.es\/en\/#website\"},\"primaryImageOfPage\":{\"@id\":\"https:\/\/lazo.es\/producto\/papel-bond-ppc-t-c\/#primaryimage\"},\"image\":{\"@id\":\"https:\/\/lazo.es\/producto\/papel-bond-ppc-t-c\/#primaryimage\"},\"thumbnailUrl\":\"https:\/\/lazo.es\/wp-content\/uploads\/2022\/06\/PAPEL-DOBLECARTA.png\",\"datePublished\":\"2022-06-09T21:35:27+00:00\",\"dateModified\":\"2026-03-16T16:33:18+00:00\",\"description\":\"El Papel Bond PPC tama\u00f1o carta es un papel de alta calidad, ideal para impresiones n\u00edtidas y claras, con dimensiones de 8.5 x 11 pulgadas.\",\"breadcrumb\":{\"@id\":\"https:\/\/lazo.es\/producto\/papel-bond-ppc-t-c\/#breadcrumb\"},\"inLanguage\":\"en-US\",\"potentialAction\":[{\"@type\":\"ReadAction\",\"target\":[\"https:\/\/lazo.es\/producto\/papel-bond-ppc-t-c\/\"]}]},{\"@type\":\"ImageObject\",\"inLanguage\":\"en-US\",\"@id\":\"https:\/\/lazo.es\/producto\/papel-bond-ppc-t-c\/#primaryimage\",\"url\":\"https:\/\/lazo.es\/wp-content\/uploads\/2022\/06\/PAPEL-DOBLECARTA.png\",\"contentUrl\":\"https:\/\/lazo.es\/wp-content\/uploads\/2022\/06\/PAPEL-DOBLECARTA.png\",\"width\":756,\"height\":720},{\"@type\":\"BreadcrumbList\",\"@id\":\"https:\/\/lazo.es\/producto\/papel-bond-ppc-t-c\/#breadcrumb\",\"itemListElement\":[{\"@type\":\"ListItem\",\"position\":1,\"name\":\"Shop\",\"item\":\"https:\/\/lazo.es\/en\/shop-2\/\"},{\"@type\":\"ListItem\",\"position\":2,\"name\":\"Papel Bond PPC Tama\u00f1o Carta de Alta Calidad para Impresiones Profesionales\"}]},{\"@type\":\"WebSite\",\"@id\":\"https:\/\/lazo.es\/en\/#website\",\"url\":\"https:\/\/lazo.es\/en\/\",\"name\":\"LAZO\",\"description\":\"Todo en un mismo lugar\",\"publisher\":{\"@id\":\"https:\/\/lazo.es\/en\/#organization\"},\"potentialAction\":[{\"@type\":\"SearchAction\",\"target\":{\"@type\":\"EntryPoint\",\"urlTemplate\":\"https:\/\/lazo.es\/en\/?s={search_term_string}\"},\"query-input\":{\"@type\":\"PropertyValueSpecification\",\"valueRequired\":true,\"valueName\":\"search_term_string\"}}],\"inLanguage\":\"en-US\"},{\"@type\":[\"Organization\",\"Place\",\"LocalBusiness\"],\"@id\":\"https:\/\/lazo.es\/en\/#organization\",\"name\":\"LAZO\",\"alternateName\":\"LAZO SOLUCIONES\",\"url\":\"https:\/\/lazo.es\/en\/\",\"logo\":{\"@id\":\"https:\/\/lazo.es\/producto\/papel-bond-ppc-t-c\/#local-main-organization-logo\"},\"image\":{\"@id\":\"https:\/\/lazo.es\/producto\/papel-bond-ppc-t-c\/#local-main-organization-logo\"},\"sameAs\":[\"https:\/\/www.facebook.com\/lazo.es\/\",\"https:\/\/x.com\/lazosoluciones\",\"https:\/\/www.instagram.com\/lazo.es\/\",\"https:\/\/www.linkedin.com\/in\/lazo-soluciones-07198659\/\",\"https:\/\/myspace.com\/lazo.es\",\"https:\/\/www.pinterest.com\/lazosolucion\/\",\"https:\/\/www.youtube.com\/channel\/UC5OpSoLgBwZ6hhe6ste_QFg\"],\"address\":{\"@id\":\"https:\/\/lazo.es\/producto\/papel-bond-ppc-t-c\/#local-main-place-address\"},\"geo\":{\"@type\":\"GeoCoordinates\",\"latitude\":\"11.6899576\",\"longitude\":\"-84.4514356\"},\"telephone\":[\"25724222\",\"57364020\"],\"openingHoursSpecification\":[{\"@type\":\"OpeningHoursSpecification\",\"dayOfWeek\":[\"Monday\",\"Tuesday\",\"Wednesday\",\"Thursday\",\"Friday\",\"Saturday\"],\"opens\":\"07:00\",\"closes\":\"19:00\"},{\"@type\":\"OpeningHoursSpecification\",\"dayOfWeek\":[\"Sunday\"],\"opens\":\"00:00\",\"closes\":\"00:00\"}],\"email\":\"info@lazo.es\",\"areaServed\":\"Nueva Guinea\",\"vatID\":\"6162304850000C\",\"priceRange\":\"$$$\",\"currenciesAccepted\":\"Cordoba, Dolar, Euro\",\"paymentAccepted\":\"Efectivo, Terjeta de Credito, Paypal, Payphone, Smartmoney\"},{\"@type\":\"PostalAddress\",\"@id\":\"https:\/\/lazo.es\/producto\/papel-bond-ppc-t-c\/#local-main-place-address\",\"streetAddress\":\"Del monumento 75 vrs E, Frente terminal de buses, Nueva Guinea.\",\"addressLocality\":\"NUEVA GUINEA\",\"postalCode\":\"82500\",\"addressRegion\":\"Regi\u00f3n Aut\u00f3noma de la Costa Caribe Sur\",\"addressCountry\":\"NI\"},{\"@type\":\"ImageObject\",\"inLanguage\":\"en-US\",\"@id\":\"https:\/\/lazo.es\/producto\/papel-bond-ppc-t-c\/#local-main-organization-logo\",\"url\":\"https:\/\/lazo.es\/wp-content\/uploads\/2022\/04\/lazo.png\",\"contentUrl\":\"https:\/\/lazo.es\/wp-content\/uploads\/2022\/04\/lazo.png\",\"width\":621,\"height\":621,\"caption\":\"LAZO\"}]}<\/script>\n<meta property=\"product:brand\" content=\"PPC\" \/>\n<meta property=\"product:price:amount\" content=\"0.30\" \/>\n<meta property=\"product:price:currency\" content=\"USD\" \/>\n<meta property=\"og:availability\" content=\"instock\" \/>\n<meta property=\"product:availability\" content=\"instock\" \/>\n<meta property=\"product:retailer_item_id\" content=\"22\" \/>\n<meta property=\"product:condition\" content=\"new\" \/>\n<meta name=\"geo.placename\" content=\"NUEVA GUINEA\" \/>\n<meta name=\"geo.position\" content=\"11.6899576;-84.4514356\" \/>\n<meta name=\"geo.region\" content=\"Nicaragua\" \/>\n<!-- \/ Yoast SEO Premium plugin. -->","yoast_head_json":{"title":"Papel Bond PPC Tama\u00f1o Carta de Alta Calidad para Impresiones Profesionales - LAZO","description":"El Papel Bond PPC tama\u00f1o carta es un papel de alta calidad, ideal para impresiones n\u00edtidas y claras, con dimensiones de 8.5 x 11 pulgadas.","robots":{"index":"index","follow":"follow","max-snippet":"max-snippet:-1","max-image-preview":"max-image-preview:large","max-video-preview":"max-video-preview:-1"},"canonical":"https:\/\/lazo.es\/en\/producto\/papel-bond-ppc-t-c\/","og_locale":"en_US","og_type":"article","og_title":"Papel Bond PPC Tama\u00f1o Carta de Alta Calidad para Impresiones Profesionales - LAZO","og_description":"El Papel Bond PPC tama\u00f1o carta es un papel de alta calidad, ideal para impresiones n\u00edtidas y claras, con dimensiones de 8.5 x 11 pulgadas.","og_url":"https:\/\/lazo.es\/producto\/papel-bond-ppc-t-c\/","og_site_name":"LAZO","article_publisher":"https:\/\/www.facebook.com\/lazo.es\/","article_modified_time":"2026-03-16T16:33:18+00:00","og_image":[{"width":756,"height":720,"url":"https:\/\/lazo.es\/wp-content\/uploads\/2022\/06\/PAPEL-DOBLECARTA.png","type":"image\/png"}],"twitter_card":"summary_large_image","twitter_site":"@lazosoluciones","twitter_misc":{"Price":"&#36;0,30","Availability":"In stock"},"schema":{"@context":"https:\/\/schema.org","@graph":[{"@type":["WebPage","ItemPage"],"@id":"https:\/\/lazo.es\/producto\/papel-bond-ppc-t-c\/","url":"https:\/\/lazo.es\/producto\/papel-bond-ppc-t-c\/","name":"Papel Bond PPC Tama\u00f1o Carta de Alta Calidad para Impresiones Profesionales - LAZO","isPartOf":{"@id":"https:\/\/lazo.es\/en\/#website"},"primaryImageOfPage":{"@id":"https:\/\/lazo.es\/producto\/papel-bond-ppc-t-c\/#primaryimage"},"image":{"@id":"https:\/\/lazo.es\/producto\/papel-bond-ppc-t-c\/#primaryimage"},"thumbnailUrl":"https:\/\/lazo.es\/wp-content\/uploads\/2022\/06\/PAPEL-DOBLECARTA.png","datePublished":"2022-06-09T21:35:27+00:00","dateModified":"2026-03-16T16:33:18+00:00","description":"El Papel Bond PPC tama\u00f1o carta es un papel de alta calidad, ideal para impresiones n\u00edtidas y claras, con dimensiones de 8.5 x 11 pulgadas.","breadcrumb":{"@id":"https:\/\/lazo.es\/producto\/papel-bond-ppc-t-c\/#breadcrumb"},"inLanguage":"en-US","potentialAction":[{"@type":"ReadAction","target":["https:\/\/lazo.es\/producto\/papel-bond-ppc-t-c\/"]}]},{"@type":"ImageObject","inLanguage":"en-US","@id":"https:\/\/lazo.es\/producto\/papel-bond-ppc-t-c\/#primaryimage","url":"https:\/\/lazo.es\/wp-content\/uploads\/2022\/06\/PAPEL-DOBLECARTA.png","contentUrl":"https:\/\/lazo.es\/wp-content\/uploads\/2022\/06\/PAPEL-DOBLECARTA.png","width":756,"height":720},{"@type":"BreadcrumbList","@id":"https:\/\/lazo.es\/producto\/papel-bond-ppc-t-c\/#breadcrumb","itemListElement":[{"@type":"ListItem","position":1,"name":"Shop","item":"https:\/\/lazo.es\/en\/shop-2\/"},{"@type":"ListItem","position":2,"name":"Papel Bond PPC Tama\u00f1o Carta de Alta Calidad para Impresiones Profesionales"}]},{"@type":"WebSite","@id":"https:\/\/lazo.es\/en\/#website","url":"https:\/\/lazo.es\/en\/","name":"LAZO","description":"Todo en un mismo lugar","publisher":{"@id":"https:\/\/lazo.es\/en\/#organization"},"potentialAction":[{"@type":"SearchAction","target":{"@type":"EntryPoint","urlTemplate":"https:\/\/lazo.es\/en\/?s={search_term_string}"},"query-input":{"@type":"PropertyValueSpecification","valueRequired":true,"valueName":"search_term_string"}}],"inLanguage":"en-US"},{"@type":["Organization","Place","LocalBusiness"],"@id":"https:\/\/lazo.es\/en\/#organization","name":"LAZO","alternateName":"LAZO SOLUCIONES","url":"https:\/\/lazo.es\/en\/","logo":{"@id":"https:\/\/lazo.es\/producto\/papel-bond-ppc-t-c\/#local-main-organization-logo"},"image":{"@id":"https:\/\/lazo.es\/producto\/papel-bond-ppc-t-c\/#local-main-organization-logo"},"sameAs":["https:\/\/www.facebook.com\/lazo.es\/","https:\/\/x.com\/lazosoluciones","https:\/\/www.instagram.com\/lazo.es\/","https:\/\/www.linkedin.com\/in\/lazo-soluciones-07198659\/","https:\/\/myspace.com\/lazo.es","https:\/\/www.pinterest.com\/lazosolucion\/","https:\/\/www.youtube.com\/channel\/UC5OpSoLgBwZ6hhe6ste_QFg"],"address":{"@id":"https:\/\/lazo.es\/producto\/papel-bond-ppc-t-c\/#local-main-place-address"},"geo":{"@type":"GeoCoordinates","latitude":"11.6899576","longitude":"-84.4514356"},"telephone":["25724222","57364020"],"openingHoursSpecification":[{"@type":"OpeningHoursSpecification","dayOfWeek":["Monday","Tuesday","Wednesday","Thursday","Friday","Saturday"],"opens":"07:00","closes":"19:00"},{"@type":"OpeningHoursSpecification","dayOfWeek":["Sunday"],"opens":"00:00","closes":"00:00"}],"email":"info@lazo.es","areaServed":"Nueva Guinea","vatID":"6162304850000C","priceRange":"$$$","currenciesAccepted":"Cordoba, Dolar, Euro","paymentAccepted":"Efectivo, Terjeta de Credito, Paypal, Payphone, Smartmoney"},{"@type":"PostalAddress","@id":"https:\/\/lazo.es\/producto\/papel-bond-ppc-t-c\/#local-main-place-address","streetAddress":"Del monumento 75 vrs E, Frente terminal de buses, Nueva Guinea.","addressLocality":"NUEVA GUINEA","postalCode":"82500","addressRegion":"Regi\u00f3n Aut\u00f3noma de la Costa Caribe Sur","addressCountry":"NI"},{"@type":"ImageObject","inLanguage":"en-US","@id":"https:\/\/lazo.es\/producto\/papel-bond-ppc-t-c\/#local-main-organization-logo","url":"https:\/\/lazo.es\/wp-content\/uploads\/2022\/04\/lazo.png","contentUrl":"https:\/\/lazo.es\/wp-content\/uploads\/2022\/04\/lazo.png","width":621,"height":621,"caption":"LAZO"}]},"product_brand":"PPC","product_price_amount":"0.30","product_price_currency":"USD","og_availability":"instock","product_availability":"instock","product_retailer_item_id":"22","product_condition":"new","geo.placename":"NUEVA GUINEA","geo.position":{"lat":"11.6899576","long":"-84.4514356"},"geo.region":"Nicaragua"},"jetpack_publicize_connections":[],"jetpack_sharing_enabled":true,"_links":{"self":[{"href":"https:\/\/lazo.es\/en\/wp-json\/wp\/v2\/product\/19220","targetHints":{"allow":["GET"]}}],"collection":[{"href":"https:\/\/lazo.es\/en\/wp-json\/wp\/v2\/product"}],"about":[{"href":"https:\/\/lazo.es\/en\/wp-json\/wp\/v2\/types\/product"}],"replies":[{"embeddable":true,"href":"https:\/\/lazo.es\/en\/wp-json\/wp\/v2\/comments?post=19220"}],"wp:featuredmedia":[{"embeddable":true,"href":"https:\/\/lazo.es\/en\/wp-json\/wp\/v2\/media\/19356"}],"wp:attachment":[{"href":"https:\/\/lazo.es\/en\/wp-json\/wp\/v2\/media?parent=19220"}],"wp:term":[{"taxonomy":"product_brand","embeddable":true,"href":"https:\/\/lazo.es\/en\/wp-json\/wp\/v2\/product_brand?post=19220"},{"taxonomy":"product_cat","embeddable":true,"href":"https:\/\/lazo.es\/en\/wp-json\/wp\/v2\/product_cat?post=19220"},{"taxonomy":"product_tag","embeddable":true,"href":"https:\/\/lazo.es\/en\/wp-json\/wp\/v2\/product_tag?post=19220"}],"curies":[{"name":"wp","href":"https:\/\/api.w.org\/{rel}","templated":true}]}}