{"id":19229,"date":"2022-06-09T14:19:47","date_gmt":"2022-06-09T20:19:47","guid":{"rendered":"https:\/\/lazo.es\/?post_type=product&#038;p=19229"},"modified":"2025-04-24T20:10:38","modified_gmt":"2025-04-25T02:10:38","slug":"tajador-metalico-tigu-und-cs77","status":"publish","type":"product","link":"https:\/\/lazo.es\/producto\/tajador-metalico-tigu-und-cs77\/","title":{"rendered":"Tajador Met\u00e1lico TIGU Modelo UND CS77 &#8211; Herramienta de Alta Calidad para Oficina y Hogar"},"content":{"rendered":"<p>tajador metalico tigu und cs77-ks-04-1 #228247<\/p>\n","protected":false},"excerpt":{"rendered":"<p>tajador metalico tigu und cs77-ks-04-1 #228247<\/p>\n","protected":false},"featured_media":19323,"comment_status":"open","ping_status":"closed","template":"","meta":{"rs_blank_template":"","rs_page_bg_color":"","slide_template_v7":""},"product_brand":[],"product_cat":[540,694],"product_tag":[2597,2596,2594,949,3073,2593,946,961,917,1442,2990,2096,1031,3029,922,935,565,2592,938],"class_list":{"0":"post-19229","1":"product","2":"type-product","3":"status-publish","4":"has-post-thumbnail","6":"product_cat-escolar-y-oficina","7":"product_cat-tajadores","8":"product_tag-acero","9":"product_tag-afilado","10":"product_tag-afilador","11":"product_tag-arte","12":"product_tag-cortador","13":"product_tag-cs77","14":"product_tag-dibujo","15":"product_tag-duradero","16":"product_tag-escritura","17":"product_tag-herramienta-de-dibujo","18":"product_tag-lapices","19":"product_tag-metalico","20":"product_tag-resistente","21":"product_tag-sacapuntas","22":"product_tag-suministros-de-oficina","23":"product_tag-tajador","24":"product_tag-tigu","25":"product_tag-und","26":"product_tag-utiles-escolares","27":"ts_product_brand-tigu","29":"first","30":"outofstock","31":"purchasable","32":"product-type-simple"},"yoast_head":"<!-- This site is optimized with the Yoast SEO Premium plugin v27.3 (Yoast SEO v27.4) - https:\/\/yoast.com\/product\/yoast-seo-premium-wordpress\/ -->\n<title>Tajador Met\u00e1lico TIGU Modelo UND CS77 - Herramienta de Alta Calidad para Oficina y Hogar - LAZO<\/title>\n<meta name=\"description\" content=\"El tajador met\u00e1lico Tigu Und CS77 es una herramienta robusta y duradera para afilar l\u00e1pices con precisi\u00f3n y eficiencia.\" \/>\n<meta name=\"robots\" content=\"index, follow, max-snippet:-1, max-image-preview:large, max-video-preview:-1\" \/>\n<link rel=\"canonical\" href=\"https:\/\/lazo.es\/en\/producto\/tajador-metalico-tigu-und-cs77\/\" \/>\n<meta property=\"og:locale\" content=\"en_US\" \/>\n<meta property=\"og:type\" content=\"article\" \/>\n<meta property=\"og:title\" content=\"Tajador Met\u00e1lico TIGU Modelo UND CS77 - Herramienta de Alta Calidad para Oficina y Hogar - LAZO\" \/>\n<meta property=\"og:description\" content=\"El tajador met\u00e1lico Tigu Und CS77 es una herramienta robusta y duradera para afilar l\u00e1pices con precisi\u00f3n y eficiencia.\" \/>\n<meta property=\"og:url\" content=\"https:\/\/lazo.es\/producto\/tajador-metalico-tigu-und-cs77\/\" \/>\n<meta property=\"og:site_name\" content=\"LAZO\" \/>\n<meta property=\"article:publisher\" content=\"https:\/\/www.facebook.com\/lazo.es\/\" \/>\n<meta property=\"article:modified_time\" content=\"2025-04-25T02:10:38+00:00\" \/>\n<meta property=\"og:image\" content=\"https:\/\/lazo.es\/wp-content\/uploads\/2022\/06\/tajador-metalico-tigu-und-cs77-.jpg\" \/>\n\t<meta property=\"og:image:width\" content=\"340\" \/>\n\t<meta property=\"og:image:height\" content=\"340\" \/>\n\t<meta property=\"og:image:type\" content=\"image\/jpeg\" \/>\n<meta name=\"twitter:card\" content=\"summary_large_image\" \/>\n<meta name=\"twitter:site\" content=\"@lazosoluciones\" \/>\n<meta name=\"twitter:label1\" content=\"Price\" \/>\n\t<meta name=\"twitter:data1\" content=\"&#036;0,05\" \/>\n\t<meta name=\"twitter:label2\" content=\"Availability\" \/>\n\t<meta name=\"twitter:data2\" content=\"Out of stock\" \/>\n<script type=\"application\/ld+json\" class=\"yoast-schema-graph\">{\"@context\":\"https:\\\/\\\/schema.org\",\"@graph\":[{\"@type\":[\"WebPage\",\"ItemPage\"],\"@id\":\"https:\\\/\\\/lazo.es\\\/producto\\\/tajador-metalico-tigu-und-cs77\\\/\",\"url\":\"https:\\\/\\\/lazo.es\\\/producto\\\/tajador-metalico-tigu-und-cs77\\\/\",\"name\":\"Tajador Met\u00e1lico TIGU Modelo UND CS77 - Herramienta de Alta Calidad para Oficina y Hogar - LAZO\",\"isPartOf\":{\"@id\":\"https:\\\/\\\/lazo.es\\\/en\\\/#website\"},\"primaryImageOfPage\":{\"@id\":\"https:\\\/\\\/lazo.es\\\/producto\\\/tajador-metalico-tigu-und-cs77\\\/#primaryimage\"},\"image\":{\"@id\":\"https:\\\/\\\/lazo.es\\\/producto\\\/tajador-metalico-tigu-und-cs77\\\/#primaryimage\"},\"thumbnailUrl\":\"https:\\\/\\\/lazo.es\\\/wp-content\\\/uploads\\\/2022\\\/06\\\/tajador-metalico-tigu-und-cs77-.jpg\",\"datePublished\":\"2022-06-09T20:19:47+00:00\",\"dateModified\":\"2025-04-25T02:10:38+00:00\",\"description\":\"El tajador met\u00e1lico Tigu Und CS77 es una herramienta robusta y duradera para afilar l\u00e1pices con precisi\u00f3n y eficiencia.\",\"breadcrumb\":{\"@id\":\"https:\\\/\\\/lazo.es\\\/producto\\\/tajador-metalico-tigu-und-cs77\\\/#breadcrumb\"},\"inLanguage\":\"en-US\",\"potentialAction\":[{\"@type\":\"ReadAction\",\"target\":[\"https:\\\/\\\/lazo.es\\\/producto\\\/tajador-metalico-tigu-und-cs77\\\/\"]}]},{\"@type\":\"ImageObject\",\"inLanguage\":\"en-US\",\"@id\":\"https:\\\/\\\/lazo.es\\\/producto\\\/tajador-metalico-tigu-und-cs77\\\/#primaryimage\",\"url\":\"https:\\\/\\\/lazo.es\\\/wp-content\\\/uploads\\\/2022\\\/06\\\/tajador-metalico-tigu-und-cs77-.jpg\",\"contentUrl\":\"https:\\\/\\\/lazo.es\\\/wp-content\\\/uploads\\\/2022\\\/06\\\/tajador-metalico-tigu-und-cs77-.jpg\",\"width\":340,\"height\":340},{\"@type\":\"BreadcrumbList\",\"@id\":\"https:\\\/\\\/lazo.es\\\/producto\\\/tajador-metalico-tigu-und-cs77\\\/#breadcrumb\",\"itemListElement\":[{\"@type\":\"ListItem\",\"position\":1,\"name\":\"Shop\",\"item\":\"https:\\\/\\\/lazo.es\\\/en\\\/shop-2\\\/\"},{\"@type\":\"ListItem\",\"position\":2,\"name\":\"Tajador Met\u00e1lico TIGU Modelo UND CS77 &#8211; Herramienta de Alta Calidad para Oficina y Hogar\"}]},{\"@type\":\"WebSite\",\"@id\":\"https:\\\/\\\/lazo.es\\\/en\\\/#website\",\"url\":\"https:\\\/\\\/lazo.es\\\/en\\\/\",\"name\":\"LAZO\",\"description\":\"Todo en un mismo lugar\",\"publisher\":{\"@id\":\"https:\\\/\\\/lazo.es\\\/en\\\/#organization\"},\"potentialAction\":[{\"@type\":\"SearchAction\",\"target\":{\"@type\":\"EntryPoint\",\"urlTemplate\":\"https:\\\/\\\/lazo.es\\\/en\\\/?s={search_term_string}\"},\"query-input\":{\"@type\":\"PropertyValueSpecification\",\"valueRequired\":true,\"valueName\":\"search_term_string\"}}],\"inLanguage\":\"en-US\"},{\"@type\":[\"Organization\",\"Place\",\"LocalBusiness\"],\"@id\":\"https:\\\/\\\/lazo.es\\\/en\\\/#organization\",\"name\":\"LAZO\",\"alternateName\":\"LAZO SOLUCIONES\",\"url\":\"https:\\\/\\\/lazo.es\\\/en\\\/\",\"logo\":{\"@id\":\"https:\\\/\\\/lazo.es\\\/producto\\\/tajador-metalico-tigu-und-cs77\\\/#local-main-organization-logo\"},\"image\":{\"@id\":\"https:\\\/\\\/lazo.es\\\/producto\\\/tajador-metalico-tigu-und-cs77\\\/#local-main-organization-logo\"},\"sameAs\":[\"https:\\\/\\\/www.facebook.com\\\/lazo.es\\\/\",\"https:\\\/\\\/x.com\\\/lazosoluciones\",\"https:\\\/\\\/www.instagram.com\\\/lazo.es\\\/\",\"https:\\\/\\\/www.linkedin.com\\\/in\\\/lazo-soluciones-07198659\\\/\",\"https:\\\/\\\/myspace.com\\\/lazo.es\",\"https:\\\/\\\/www.pinterest.com\\\/lazosolucion\\\/\",\"https:\\\/\\\/www.youtube.com\\\/channel\\\/UC5OpSoLgBwZ6hhe6ste_QFg\"],\"address\":{\"@id\":\"https:\\\/\\\/lazo.es\\\/producto\\\/tajador-metalico-tigu-und-cs77\\\/#local-main-place-address\"},\"geo\":{\"@type\":\"GeoCoordinates\",\"latitude\":\"11.6899576\",\"longitude\":\"-84.4514356\"},\"telephone\":[\"25724222\",\"57364020\"],\"openingHoursSpecification\":[{\"@type\":\"OpeningHoursSpecification\",\"dayOfWeek\":[\"Monday\",\"Tuesday\",\"Wednesday\",\"Thursday\",\"Friday\",\"Saturday\"],\"opens\":\"07:00\",\"closes\":\"19:00\"},{\"@type\":\"OpeningHoursSpecification\",\"dayOfWeek\":[\"Sunday\"],\"opens\":\"00:00\",\"closes\":\"00:00\"}],\"email\":\"info@lazo.es\",\"areaServed\":\"Nueva Guinea\",\"vatID\":\"6162304850000C\",\"priceRange\":\"$$$\",\"currenciesAccepted\":\"Cordoba, Dolar, Euro\",\"paymentAccepted\":\"Efectivo, Terjeta de Credito, Paypal, Payphone, Smartmoney\"},{\"@type\":\"PostalAddress\",\"@id\":\"https:\\\/\\\/lazo.es\\\/producto\\\/tajador-metalico-tigu-und-cs77\\\/#local-main-place-address\",\"streetAddress\":\"Del monumento 75 vrs E, Frente terminal de buses, Nueva Guinea.\",\"addressLocality\":\"NUEVA GUINEA\",\"postalCode\":\"82500\",\"addressRegion\":\"Regi\u00f3n Aut\u00f3noma de la Costa Caribe Sur\",\"addressCountry\":\"NI\"},{\"@type\":\"ImageObject\",\"inLanguage\":\"en-US\",\"@id\":\"https:\\\/\\\/lazo.es\\\/producto\\\/tajador-metalico-tigu-und-cs77\\\/#local-main-organization-logo\",\"url\":\"https:\\\/\\\/lazo.es\\\/wp-content\\\/uploads\\\/2022\\\/04\\\/lazo.png\",\"contentUrl\":\"https:\\\/\\\/lazo.es\\\/wp-content\\\/uploads\\\/2022\\\/04\\\/lazo.png\",\"width\":621,\"height\":621,\"caption\":\"LAZO\"}]}<\/script>\n<meta property=\"product:brand\" content=\"Tigu\" \/>\n<meta property=\"product:price:amount\" content=\"0.05\" \/>\n<meta property=\"product:price:currency\" content=\"USD\" \/>\n<meta property=\"og:availability\" content=\"out of stock\" \/>\n<meta property=\"product:availability\" content=\"out of stock\" \/>\n<meta property=\"product:retailer_item_id\" content=\"90\" \/>\n<meta property=\"product:condition\" content=\"new\" \/>\n<meta name=\"geo.placename\" content=\"NUEVA GUINEA\" \/>\n<meta name=\"geo.position\" content=\"11.6899576;-84.4514356\" \/>\n<meta name=\"geo.region\" content=\"Nicaragua\" \/>\n<!-- \/ Yoast SEO Premium plugin. -->","yoast_head_json":{"title":"Tajador Met\u00e1lico TIGU Modelo UND CS77 - Herramienta de Alta Calidad para Oficina y Hogar - LAZO","description":"El tajador met\u00e1lico Tigu Und CS77 es una herramienta robusta y duradera para afilar l\u00e1pices con precisi\u00f3n y eficiencia.","robots":{"index":"index","follow":"follow","max-snippet":"max-snippet:-1","max-image-preview":"max-image-preview:large","max-video-preview":"max-video-preview:-1"},"canonical":"https:\/\/lazo.es\/en\/producto\/tajador-metalico-tigu-und-cs77\/","og_locale":"en_US","og_type":"article","og_title":"Tajador Met\u00e1lico TIGU Modelo UND CS77 - Herramienta de Alta Calidad para Oficina y Hogar - LAZO","og_description":"El tajador met\u00e1lico Tigu Und CS77 es una herramienta robusta y duradera para afilar l\u00e1pices con precisi\u00f3n y eficiencia.","og_url":"https:\/\/lazo.es\/producto\/tajador-metalico-tigu-und-cs77\/","og_site_name":"LAZO","article_publisher":"https:\/\/www.facebook.com\/lazo.es\/","article_modified_time":"2025-04-25T02:10:38+00:00","og_image":[{"width":340,"height":340,"url":"https:\/\/lazo.es\/wp-content\/uploads\/2022\/06\/tajador-metalico-tigu-und-cs77-.jpg","type":"image\/jpeg"}],"twitter_card":"summary_large_image","twitter_site":"@lazosoluciones","twitter_misc":{"Price":"&#36;0,05","Availability":"Out of stock"},"schema":{"@context":"https:\/\/schema.org","@graph":[{"@type":["WebPage","ItemPage"],"@id":"https:\/\/lazo.es\/producto\/tajador-metalico-tigu-und-cs77\/","url":"https:\/\/lazo.es\/producto\/tajador-metalico-tigu-und-cs77\/","name":"Tajador Met\u00e1lico TIGU Modelo UND CS77 - Herramienta de Alta Calidad para Oficina y Hogar - LAZO","isPartOf":{"@id":"https:\/\/lazo.es\/en\/#website"},"primaryImageOfPage":{"@id":"https:\/\/lazo.es\/producto\/tajador-metalico-tigu-und-cs77\/#primaryimage"},"image":{"@id":"https:\/\/lazo.es\/producto\/tajador-metalico-tigu-und-cs77\/#primaryimage"},"thumbnailUrl":"https:\/\/lazo.es\/wp-content\/uploads\/2022\/06\/tajador-metalico-tigu-und-cs77-.jpg","datePublished":"2022-06-09T20:19:47+00:00","dateModified":"2025-04-25T02:10:38+00:00","description":"El tajador met\u00e1lico Tigu Und CS77 es una herramienta robusta y duradera para afilar l\u00e1pices con precisi\u00f3n y eficiencia.","breadcrumb":{"@id":"https:\/\/lazo.es\/producto\/tajador-metalico-tigu-und-cs77\/#breadcrumb"},"inLanguage":"en-US","potentialAction":[{"@type":"ReadAction","target":["https:\/\/lazo.es\/producto\/tajador-metalico-tigu-und-cs77\/"]}]},{"@type":"ImageObject","inLanguage":"en-US","@id":"https:\/\/lazo.es\/producto\/tajador-metalico-tigu-und-cs77\/#primaryimage","url":"https:\/\/lazo.es\/wp-content\/uploads\/2022\/06\/tajador-metalico-tigu-und-cs77-.jpg","contentUrl":"https:\/\/lazo.es\/wp-content\/uploads\/2022\/06\/tajador-metalico-tigu-und-cs77-.jpg","width":340,"height":340},{"@type":"BreadcrumbList","@id":"https:\/\/lazo.es\/producto\/tajador-metalico-tigu-und-cs77\/#breadcrumb","itemListElement":[{"@type":"ListItem","position":1,"name":"Shop","item":"https:\/\/lazo.es\/en\/shop-2\/"},{"@type":"ListItem","position":2,"name":"Tajador Met\u00e1lico TIGU Modelo UND CS77 &#8211; Herramienta de Alta Calidad para Oficina y Hogar"}]},{"@type":"WebSite","@id":"https:\/\/lazo.es\/en\/#website","url":"https:\/\/lazo.es\/en\/","name":"LAZO","description":"Todo en un mismo lugar","publisher":{"@id":"https:\/\/lazo.es\/en\/#organization"},"potentialAction":[{"@type":"SearchAction","target":{"@type":"EntryPoint","urlTemplate":"https:\/\/lazo.es\/en\/?s={search_term_string}"},"query-input":{"@type":"PropertyValueSpecification","valueRequired":true,"valueName":"search_term_string"}}],"inLanguage":"en-US"},{"@type":["Organization","Place","LocalBusiness"],"@id":"https:\/\/lazo.es\/en\/#organization","name":"LAZO","alternateName":"LAZO SOLUCIONES","url":"https:\/\/lazo.es\/en\/","logo":{"@id":"https:\/\/lazo.es\/producto\/tajador-metalico-tigu-und-cs77\/#local-main-organization-logo"},"image":{"@id":"https:\/\/lazo.es\/producto\/tajador-metalico-tigu-und-cs77\/#local-main-organization-logo"},"sameAs":["https:\/\/www.facebook.com\/lazo.es\/","https:\/\/x.com\/lazosoluciones","https:\/\/www.instagram.com\/lazo.es\/","https:\/\/www.linkedin.com\/in\/lazo-soluciones-07198659\/","https:\/\/myspace.com\/lazo.es","https:\/\/www.pinterest.com\/lazosolucion\/","https:\/\/www.youtube.com\/channel\/UC5OpSoLgBwZ6hhe6ste_QFg"],"address":{"@id":"https:\/\/lazo.es\/producto\/tajador-metalico-tigu-und-cs77\/#local-main-place-address"},"geo":{"@type":"GeoCoordinates","latitude":"11.6899576","longitude":"-84.4514356"},"telephone":["25724222","57364020"],"openingHoursSpecification":[{"@type":"OpeningHoursSpecification","dayOfWeek":["Monday","Tuesday","Wednesday","Thursday","Friday","Saturday"],"opens":"07:00","closes":"19:00"},{"@type":"OpeningHoursSpecification","dayOfWeek":["Sunday"],"opens":"00:00","closes":"00:00"}],"email":"info@lazo.es","areaServed":"Nueva Guinea","vatID":"6162304850000C","priceRange":"$$$","currenciesAccepted":"Cordoba, Dolar, Euro","paymentAccepted":"Efectivo, Terjeta de Credito, Paypal, Payphone, Smartmoney"},{"@type":"PostalAddress","@id":"https:\/\/lazo.es\/producto\/tajador-metalico-tigu-und-cs77\/#local-main-place-address","streetAddress":"Del monumento 75 vrs E, Frente terminal de buses, Nueva Guinea.","addressLocality":"NUEVA GUINEA","postalCode":"82500","addressRegion":"Regi\u00f3n Aut\u00f3noma de la Costa Caribe Sur","addressCountry":"NI"},{"@type":"ImageObject","inLanguage":"en-US","@id":"https:\/\/lazo.es\/producto\/tajador-metalico-tigu-und-cs77\/#local-main-organization-logo","url":"https:\/\/lazo.es\/wp-content\/uploads\/2022\/04\/lazo.png","contentUrl":"https:\/\/lazo.es\/wp-content\/uploads\/2022\/04\/lazo.png","width":621,"height":621,"caption":"LAZO"}]},"product_brand":"Tigu","product_price_amount":"0.05","product_price_currency":"USD","og_availability":"out of stock","product_availability":"out of stock","product_retailer_item_id":"90","product_condition":"new","geo.placename":"NUEVA GUINEA","geo.position":{"lat":"11.6899576","long":"-84.4514356"},"geo.region":"Nicaragua"},"_links":{"self":[{"href":"https:\/\/lazo.es\/en\/wp-json\/wp\/v2\/product\/19229","targetHints":{"allow":["GET"]}}],"collection":[{"href":"https:\/\/lazo.es\/en\/wp-json\/wp\/v2\/product"}],"about":[{"href":"https:\/\/lazo.es\/en\/wp-json\/wp\/v2\/types\/product"}],"replies":[{"embeddable":true,"href":"https:\/\/lazo.es\/en\/wp-json\/wp\/v2\/comments?post=19229"}],"wp:featuredmedia":[{"embeddable":true,"href":"https:\/\/lazo.es\/en\/wp-json\/wp\/v2\/media\/19323"}],"wp:attachment":[{"href":"https:\/\/lazo.es\/en\/wp-json\/wp\/v2\/media?parent=19229"}],"wp:term":[{"taxonomy":"product_brand","embeddable":true,"href":"https:\/\/lazo.es\/en\/wp-json\/wp\/v2\/product_brand?post=19229"},{"taxonomy":"product_cat","embeddable":true,"href":"https:\/\/lazo.es\/en\/wp-json\/wp\/v2\/product_cat?post=19229"},{"taxonomy":"product_tag","embeddable":true,"href":"https:\/\/lazo.es\/en\/wp-json\/wp\/v2\/product_tag?post=19229"}],"curies":[{"name":"wp","href":"https:\/\/api.w.org\/{rel}","templated":true}]}}