{"id":19253,"date":"2022-06-09T17:24:09","date_gmt":"2022-06-09T17:24:09","guid":{"rendered":"https:\/\/lazo.es\/?post_type=product&#038;p=19253"},"modified":"2025-04-24T08:13:10","modified_gmt":"2025-04-24T14:13:10","slug":"mica-termica-5m-perfex","status":"publish","type":"product","link":"https:\/\/lazo.es\/producto\/mica-termica-5m-perfex\/","title":{"rendered":"Mica Termica 5m Perfex"},"content":{"rendered":"","protected":false},"excerpt":{"rendered":"<p>Mica Termica 5m Perfex 7501308629663<\/p>\n","protected":false},"featured_media":19270,"comment_status":"open","ping_status":"closed","template":"","meta":{"jetpack_publicize_message":"","jetpack_publicize_feature_enabled":true,"jetpack_social_post_already_shared":true,"jetpack_social_options":{"image_generator_settings":{"template":"highway","default_image_id":0,"font":"","enabled":false},"version":2}},"product_brand":[],"product_cat":[540,752],"product_tag":[4552,1021,1119,1319,1162,1019,2390,588,2915,907,1031,2087,589,1322,2023],"class_list":{"0":"post-19253","1":"product","2":"type-product","3":"status-publish","4":"has-post-thumbnail","6":"product_cat-escolar-y-oficina","7":"product_cat-otros-productos-oficina","8":"product_tag-5m","9":"product_tag-aislante","10":"product_tag-alta-calidad","11":"product_tag-calor","12":"product_tag-facil-instalacion","13":"product_tag-flexible","14":"product_tag-larga-duracion","15":"product_tag-mica","16":"product_tag-perfex","17":"product_tag-proteccion","18":"product_tag-resistente","19":"product_tag-rollo","20":"product_tag-termica","21":"product_tag-uso-domestico","22":"product_tag-uso-industrial","23":"ts_product_brand-perfex","25":"first","26":"instock","27":"shipping-taxable","28":"product-type-simple"},"yoast_head":"<!-- This site is optimized with the Yoast SEO Premium plugin v27.1 (Yoast SEO v27.2) - https:\/\/yoast.com\/product\/yoast-seo-premium-wordpress\/ -->\n<title>Mica Termica 5m Perfex - LAZO<\/title>\n<meta name=\"description\" content=\"La Mica T\u00e9rmica 5m Perfex es un material resistente al calor, ideal para aislamiento en proyectos el\u00e9ctricos y de construcci\u00f3n.\" \/>\n<meta name=\"robots\" content=\"index, follow, max-snippet:-1, max-image-preview:large, max-video-preview:-1\" \/>\n<link rel=\"canonical\" href=\"https:\/\/lazo.es\/en\/producto\/mica-termica-5m-perfex\/\" \/>\n<meta property=\"og:locale\" content=\"en_US\" \/>\n<meta property=\"og:type\" content=\"article\" \/>\n<meta property=\"og:title\" content=\"Mica Termica 5m Perfex - LAZO\" \/>\n<meta property=\"og:description\" content=\"La Mica T\u00e9rmica 5m Perfex es un material resistente al calor, ideal para aislamiento en proyectos el\u00e9ctricos y de construcci\u00f3n.\" \/>\n<meta property=\"og:url\" content=\"https:\/\/lazo.es\/producto\/mica-termica-5m-perfex\/\" \/>\n<meta property=\"og:site_name\" content=\"LAZO\" \/>\n<meta property=\"article:publisher\" content=\"https:\/\/www.facebook.com\/lazo.es\/\" \/>\n<meta property=\"article:modified_time\" content=\"2025-04-24T14:13:10+00:00\" \/>\n<meta property=\"og:image\" content=\"https:\/\/lazo.es\/wp-content\/uploads\/2022\/06\/Mica-Termica-5m-Perfex.jpg\" \/>\n\t<meta property=\"og:image:width\" content=\"1200\" \/>\n\t<meta property=\"og:image:height\" content=\"1200\" \/>\n\t<meta property=\"og:image:type\" content=\"image\/jpeg\" \/>\n<meta name=\"twitter:card\" content=\"summary_large_image\" \/>\n<meta name=\"twitter:site\" content=\"@lazosoluciones\" \/>\n<meta name=\"twitter:label1\" content=\"Price\" \/>\n\t<meta name=\"twitter:data1\" content=\"&#036;0,36\" \/>\n\t<meta name=\"twitter:label2\" content=\"Availability\" \/>\n\t<meta name=\"twitter:data2\" content=\"In stock\" \/>\n<script type=\"application\/ld+json\" class=\"yoast-schema-graph\">{\"@context\":\"https:\/\/schema.org\",\"@graph\":[{\"@type\":[\"WebPage\",\"ItemPage\"],\"@id\":\"https:\/\/lazo.es\/producto\/mica-termica-5m-perfex\/\",\"url\":\"https:\/\/lazo.es\/producto\/mica-termica-5m-perfex\/\",\"name\":\"Mica Termica 5m Perfex - LAZO\",\"isPartOf\":{\"@id\":\"https:\/\/lazo.es\/en\/#website\"},\"primaryImageOfPage\":{\"@id\":\"https:\/\/lazo.es\/producto\/mica-termica-5m-perfex\/#primaryimage\"},\"image\":{\"@id\":\"https:\/\/lazo.es\/producto\/mica-termica-5m-perfex\/#primaryimage\"},\"thumbnailUrl\":\"https:\/\/lazo.es\/wp-content\/uploads\/2022\/06\/Mica-Termica-5m-Perfex.jpg\",\"datePublished\":\"2022-06-09T17:24:09+00:00\",\"dateModified\":\"2025-04-24T14:13:10+00:00\",\"description\":\"La Mica T\u00e9rmica 5m Perfex es un material resistente al calor, ideal para aislamiento en proyectos el\u00e9ctricos y de construcci\u00f3n.\",\"breadcrumb\":{\"@id\":\"https:\/\/lazo.es\/producto\/mica-termica-5m-perfex\/#breadcrumb\"},\"inLanguage\":\"en-US\",\"potentialAction\":[{\"@type\":\"ReadAction\",\"target\":[\"https:\/\/lazo.es\/producto\/mica-termica-5m-perfex\/\"]}]},{\"@type\":\"ImageObject\",\"inLanguage\":\"en-US\",\"@id\":\"https:\/\/lazo.es\/producto\/mica-termica-5m-perfex\/#primaryimage\",\"url\":\"https:\/\/lazo.es\/wp-content\/uploads\/2022\/06\/Mica-Termica-5m-Perfex.jpg\",\"contentUrl\":\"https:\/\/lazo.es\/wp-content\/uploads\/2022\/06\/Mica-Termica-5m-Perfex.jpg\",\"width\":1200,\"height\":1200},{\"@type\":\"BreadcrumbList\",\"@id\":\"https:\/\/lazo.es\/producto\/mica-termica-5m-perfex\/#breadcrumb\",\"itemListElement\":[{\"@type\":\"ListItem\",\"position\":1,\"name\":\"Shop\",\"item\":\"https:\/\/lazo.es\/en\/shop-2\/\"},{\"@type\":\"ListItem\",\"position\":2,\"name\":\"Mica Termica 5m Perfex\"}]},{\"@type\":\"WebSite\",\"@id\":\"https:\/\/lazo.es\/en\/#website\",\"url\":\"https:\/\/lazo.es\/en\/\",\"name\":\"LAZO\",\"description\":\"Todo en un mismo lugar\",\"publisher\":{\"@id\":\"https:\/\/lazo.es\/en\/#organization\"},\"potentialAction\":[{\"@type\":\"SearchAction\",\"target\":{\"@type\":\"EntryPoint\",\"urlTemplate\":\"https:\/\/lazo.es\/en\/?s={search_term_string}\"},\"query-input\":{\"@type\":\"PropertyValueSpecification\",\"valueRequired\":true,\"valueName\":\"search_term_string\"}}],\"inLanguage\":\"en-US\"},{\"@type\":[\"Organization\",\"Place\",\"LocalBusiness\"],\"@id\":\"https:\/\/lazo.es\/en\/#organization\",\"name\":\"LAZO\",\"alternateName\":\"LAZO SOLUCIONES\",\"url\":\"https:\/\/lazo.es\/en\/\",\"logo\":{\"@id\":\"https:\/\/lazo.es\/producto\/mica-termica-5m-perfex\/#local-main-organization-logo\"},\"image\":{\"@id\":\"https:\/\/lazo.es\/producto\/mica-termica-5m-perfex\/#local-main-organization-logo\"},\"sameAs\":[\"https:\/\/www.facebook.com\/lazo.es\/\",\"https:\/\/x.com\/lazosoluciones\",\"https:\/\/www.instagram.com\/lazo.es\/\",\"https:\/\/www.linkedin.com\/in\/lazo-soluciones-07198659\/\",\"https:\/\/myspace.com\/lazo.es\",\"https:\/\/www.pinterest.com\/lazosolucion\/\",\"https:\/\/www.youtube.com\/channel\/UC5OpSoLgBwZ6hhe6ste_QFg\"],\"address\":{\"@id\":\"https:\/\/lazo.es\/producto\/mica-termica-5m-perfex\/#local-main-place-address\"},\"geo\":{\"@type\":\"GeoCoordinates\",\"latitude\":\"11.6899576\",\"longitude\":\"-84.4514356\"},\"telephone\":[\"25724222\",\"57364020\"],\"openingHoursSpecification\":[{\"@type\":\"OpeningHoursSpecification\",\"dayOfWeek\":[\"Monday\",\"Tuesday\",\"Wednesday\",\"Thursday\",\"Friday\",\"Saturday\"],\"opens\":\"07:00\",\"closes\":\"19:00\"},{\"@type\":\"OpeningHoursSpecification\",\"dayOfWeek\":[\"Sunday\"],\"opens\":\"00:00\",\"closes\":\"00:00\"}],\"email\":\"info@lazo.es\",\"areaServed\":\"Nueva Guinea\",\"vatID\":\"6162304850000C\",\"priceRange\":\"$$$\",\"currenciesAccepted\":\"Cordoba, Dolar, Euro\",\"paymentAccepted\":\"Efectivo, Terjeta de Credito, Paypal, Payphone, Smartmoney\"},{\"@type\":\"PostalAddress\",\"@id\":\"https:\/\/lazo.es\/producto\/mica-termica-5m-perfex\/#local-main-place-address\",\"streetAddress\":\"Del monumento 75 vrs E, Frente terminal de buses, Nueva Guinea.\",\"addressLocality\":\"NUEVA GUINEA\",\"postalCode\":\"82500\",\"addressRegion\":\"Regi\u00f3n Aut\u00f3noma de la Costa Caribe Sur\",\"addressCountry\":\"NI\"},{\"@type\":\"ImageObject\",\"inLanguage\":\"en-US\",\"@id\":\"https:\/\/lazo.es\/producto\/mica-termica-5m-perfex\/#local-main-organization-logo\",\"url\":\"https:\/\/lazo.es\/wp-content\/uploads\/2022\/04\/lazo.png\",\"contentUrl\":\"https:\/\/lazo.es\/wp-content\/uploads\/2022\/04\/lazo.png\",\"width\":621,\"height\":621,\"caption\":\"LAZO\"}]}<\/script>\n<meta property=\"product:brand\" content=\"Perfex\" \/>\n<meta property=\"product:price:amount\" content=\"0.36\" \/>\n<meta property=\"product:price:currency\" content=\"USD\" \/>\n<meta property=\"og:availability\" content=\"instock\" \/>\n<meta property=\"product:availability\" content=\"instock\" \/>\n<meta property=\"product:retailer_item_id\" content=\"7501308629663\" \/>\n<meta property=\"product:condition\" content=\"new\" \/>\n<meta name=\"geo.placename\" content=\"NUEVA GUINEA\" \/>\n<meta name=\"geo.position\" content=\"11.6899576;-84.4514356\" \/>\n<meta name=\"geo.region\" content=\"Nicaragua\" \/>\n<!-- \/ Yoast SEO Premium plugin. -->","yoast_head_json":{"title":"Mica Termica 5m Perfex - LAZO","description":"La Mica T\u00e9rmica 5m Perfex es un material resistente al calor, ideal para aislamiento en proyectos el\u00e9ctricos y de construcci\u00f3n.","robots":{"index":"index","follow":"follow","max-snippet":"max-snippet:-1","max-image-preview":"max-image-preview:large","max-video-preview":"max-video-preview:-1"},"canonical":"https:\/\/lazo.es\/en\/producto\/mica-termica-5m-perfex\/","og_locale":"en_US","og_type":"article","og_title":"Mica Termica 5m Perfex - LAZO","og_description":"La Mica T\u00e9rmica 5m Perfex es un material resistente al calor, ideal para aislamiento en proyectos el\u00e9ctricos y de construcci\u00f3n.","og_url":"https:\/\/lazo.es\/producto\/mica-termica-5m-perfex\/","og_site_name":"LAZO","article_publisher":"https:\/\/www.facebook.com\/lazo.es\/","article_modified_time":"2025-04-24T14:13:10+00:00","og_image":[{"width":1200,"height":1200,"url":"https:\/\/lazo.es\/wp-content\/uploads\/2022\/06\/Mica-Termica-5m-Perfex.jpg","type":"image\/jpeg"}],"twitter_card":"summary_large_image","twitter_site":"@lazosoluciones","twitter_misc":{"Price":"&#36;0,36","Availability":"In stock"},"schema":{"@context":"https:\/\/schema.org","@graph":[{"@type":["WebPage","ItemPage"],"@id":"https:\/\/lazo.es\/producto\/mica-termica-5m-perfex\/","url":"https:\/\/lazo.es\/producto\/mica-termica-5m-perfex\/","name":"Mica Termica 5m Perfex - LAZO","isPartOf":{"@id":"https:\/\/lazo.es\/en\/#website"},"primaryImageOfPage":{"@id":"https:\/\/lazo.es\/producto\/mica-termica-5m-perfex\/#primaryimage"},"image":{"@id":"https:\/\/lazo.es\/producto\/mica-termica-5m-perfex\/#primaryimage"},"thumbnailUrl":"https:\/\/lazo.es\/wp-content\/uploads\/2022\/06\/Mica-Termica-5m-Perfex.jpg","datePublished":"2022-06-09T17:24:09+00:00","dateModified":"2025-04-24T14:13:10+00:00","description":"La Mica T\u00e9rmica 5m Perfex es un material resistente al calor, ideal para aislamiento en proyectos el\u00e9ctricos y de construcci\u00f3n.","breadcrumb":{"@id":"https:\/\/lazo.es\/producto\/mica-termica-5m-perfex\/#breadcrumb"},"inLanguage":"en-US","potentialAction":[{"@type":"ReadAction","target":["https:\/\/lazo.es\/producto\/mica-termica-5m-perfex\/"]}]},{"@type":"ImageObject","inLanguage":"en-US","@id":"https:\/\/lazo.es\/producto\/mica-termica-5m-perfex\/#primaryimage","url":"https:\/\/lazo.es\/wp-content\/uploads\/2022\/06\/Mica-Termica-5m-Perfex.jpg","contentUrl":"https:\/\/lazo.es\/wp-content\/uploads\/2022\/06\/Mica-Termica-5m-Perfex.jpg","width":1200,"height":1200},{"@type":"BreadcrumbList","@id":"https:\/\/lazo.es\/producto\/mica-termica-5m-perfex\/#breadcrumb","itemListElement":[{"@type":"ListItem","position":1,"name":"Shop","item":"https:\/\/lazo.es\/en\/shop-2\/"},{"@type":"ListItem","position":2,"name":"Mica Termica 5m Perfex"}]},{"@type":"WebSite","@id":"https:\/\/lazo.es\/en\/#website","url":"https:\/\/lazo.es\/en\/","name":"LAZO","description":"Todo en un mismo lugar","publisher":{"@id":"https:\/\/lazo.es\/en\/#organization"},"potentialAction":[{"@type":"SearchAction","target":{"@type":"EntryPoint","urlTemplate":"https:\/\/lazo.es\/en\/?s={search_term_string}"},"query-input":{"@type":"PropertyValueSpecification","valueRequired":true,"valueName":"search_term_string"}}],"inLanguage":"en-US"},{"@type":["Organization","Place","LocalBusiness"],"@id":"https:\/\/lazo.es\/en\/#organization","name":"LAZO","alternateName":"LAZO SOLUCIONES","url":"https:\/\/lazo.es\/en\/","logo":{"@id":"https:\/\/lazo.es\/producto\/mica-termica-5m-perfex\/#local-main-organization-logo"},"image":{"@id":"https:\/\/lazo.es\/producto\/mica-termica-5m-perfex\/#local-main-organization-logo"},"sameAs":["https:\/\/www.facebook.com\/lazo.es\/","https:\/\/x.com\/lazosoluciones","https:\/\/www.instagram.com\/lazo.es\/","https:\/\/www.linkedin.com\/in\/lazo-soluciones-07198659\/","https:\/\/myspace.com\/lazo.es","https:\/\/www.pinterest.com\/lazosolucion\/","https:\/\/www.youtube.com\/channel\/UC5OpSoLgBwZ6hhe6ste_QFg"],"address":{"@id":"https:\/\/lazo.es\/producto\/mica-termica-5m-perfex\/#local-main-place-address"},"geo":{"@type":"GeoCoordinates","latitude":"11.6899576","longitude":"-84.4514356"},"telephone":["25724222","57364020"],"openingHoursSpecification":[{"@type":"OpeningHoursSpecification","dayOfWeek":["Monday","Tuesday","Wednesday","Thursday","Friday","Saturday"],"opens":"07:00","closes":"19:00"},{"@type":"OpeningHoursSpecification","dayOfWeek":["Sunday"],"opens":"00:00","closes":"00:00"}],"email":"info@lazo.es","areaServed":"Nueva Guinea","vatID":"6162304850000C","priceRange":"$$$","currenciesAccepted":"Cordoba, Dolar, Euro","paymentAccepted":"Efectivo, Terjeta de Credito, Paypal, Payphone, Smartmoney"},{"@type":"PostalAddress","@id":"https:\/\/lazo.es\/producto\/mica-termica-5m-perfex\/#local-main-place-address","streetAddress":"Del monumento 75 vrs E, Frente terminal de buses, Nueva Guinea.","addressLocality":"NUEVA GUINEA","postalCode":"82500","addressRegion":"Regi\u00f3n Aut\u00f3noma de la Costa Caribe Sur","addressCountry":"NI"},{"@type":"ImageObject","inLanguage":"en-US","@id":"https:\/\/lazo.es\/producto\/mica-termica-5m-perfex\/#local-main-organization-logo","url":"https:\/\/lazo.es\/wp-content\/uploads\/2022\/04\/lazo.png","contentUrl":"https:\/\/lazo.es\/wp-content\/uploads\/2022\/04\/lazo.png","width":621,"height":621,"caption":"LAZO"}]},"product_brand":"Perfex","product_price_amount":"0.36","product_price_currency":"USD","og_availability":"instock","product_availability":"instock","product_retailer_item_id":"7501308629663","product_condition":"new","geo.placename":"NUEVA GUINEA","geo.position":{"lat":"11.6899576","long":"-84.4514356"},"geo.region":"Nicaragua"},"jetpack_publicize_connections":[],"jetpack_sharing_enabled":true,"_links":{"self":[{"href":"https:\/\/lazo.es\/en\/wp-json\/wp\/v2\/product\/19253","targetHints":{"allow":["GET"]}}],"collection":[{"href":"https:\/\/lazo.es\/en\/wp-json\/wp\/v2\/product"}],"about":[{"href":"https:\/\/lazo.es\/en\/wp-json\/wp\/v2\/types\/product"}],"replies":[{"embeddable":true,"href":"https:\/\/lazo.es\/en\/wp-json\/wp\/v2\/comments?post=19253"}],"wp:featuredmedia":[{"embeddable":true,"href":"https:\/\/lazo.es\/en\/wp-json\/wp\/v2\/media\/19270"}],"wp:attachment":[{"href":"https:\/\/lazo.es\/en\/wp-json\/wp\/v2\/media?parent=19253"}],"wp:term":[{"taxonomy":"product_brand","embeddable":true,"href":"https:\/\/lazo.es\/en\/wp-json\/wp\/v2\/product_brand?post=19253"},{"taxonomy":"product_cat","embeddable":true,"href":"https:\/\/lazo.es\/en\/wp-json\/wp\/v2\/product_cat?post=19253"},{"taxonomy":"product_tag","embeddable":true,"href":"https:\/\/lazo.es\/en\/wp-json\/wp\/v2\/product_tag?post=19253"}],"curies":[{"name":"wp","href":"https:\/\/api.w.org\/{rel}","templated":true}]}}