{"id":20163,"date":"2022-07-07T15:23:01","date_gmt":"2022-07-07T21:23:01","guid":{"rendered":"https:\/\/lazo.es\/?post_type=product&#038;p=20163"},"modified":"2025-04-30T19:13:37","modified_gmt":"2025-05-01T01:13:37","slug":"lapicero-pentel-bk91cra-a-negro","status":"publish","type":"product","link":"https:\/\/lazo.es\/producto\/lapicero-pentel-bk91cra-a-negro\/","title":{"rendered":"Lapicero Pentel BK91CRA-A Color Negro &#8211; Herramienta de Escritura de Alta Calidad"},"content":{"rendered":"<p>Lapicero pentel bk91cra-a negro medium<\/p>\n","protected":false},"excerpt":{"rendered":"<p>Lapicero pentel bk91cra-a negro medium<\/p>\n","protected":false},"featured_media":20289,"comment_status":"open","ping_status":"closed","template":"","meta":{"jetpack_publicize_message":"","jetpack_publicize_feature_enabled":true,"jetpack_social_post_already_shared":false,"jetpack_social_options":{"image_generator_settings":{"template":"highway","default_image_id":0,"font":"","enabled":false},"version":2}},"product_brand":[],"product_cat":[540,709],"product_tag":[1642,3450,921,917,925,542,927,208,918,920,543,922,928],"class_list":{"0":"post-20163","1":"product","2":"type-product","3":"status-publish","4":"has-post-thumbnail","6":"product_cat-escolar-y-oficina","7":"product_cat-lapiceros","8":"product_tag-articulos-de-papeleria","9":"product_tag-bk91cra-a","10":"product_tag-boligrafo","11":"product_tag-escritura","12":"product_tag-instrumento-de-escritura","13":"product_tag-lapicero","14":"product_tag-material-escolar","15":"product_tag-negro","16":"product_tag-oficina","17":"product_tag-papeleria","18":"product_tag-pentel","19":"product_tag-suministros-de-oficina","20":"product_tag-tinta-negra","21":"ts_product_brand-pentel","23":"first","24":"instock","25":"product-type-simple"},"yoast_head":"<!-- This site is optimized with the Yoast SEO Premium plugin v27.1 (Yoast SEO v27.2) - https:\/\/yoast.com\/product\/yoast-seo-premium-wordpress\/ -->\n<title>Lapicero Pentel BK91CRA-A Color Negro - Herramienta de Escritura de Alta Calidad - LAZO<\/title>\n<meta name=\"description\" content=\"El Lapicero Pentel BK91CRA-A es un bol\u00edgrafo de tinta negra, con dise\u00f1o ergon\u00f3mico y punta media para una escritura suave.\" \/>\n<meta name=\"robots\" content=\"index, follow, max-snippet:-1, max-image-preview:large, max-video-preview:-1\" \/>\n<link rel=\"canonical\" href=\"https:\/\/lazo.es\/en\/producto\/lapicero-pentel-bk91cra-a-negro\/\" \/>\n<meta property=\"og:locale\" content=\"en_US\" \/>\n<meta property=\"og:type\" content=\"article\" \/>\n<meta property=\"og:title\" content=\"Lapicero Pentel BK91CRA-A Color Negro - Herramienta de Escritura de Alta Calidad - LAZO\" \/>\n<meta property=\"og:description\" content=\"El Lapicero Pentel BK91CRA-A es un bol\u00edgrafo de tinta negra, con dise\u00f1o ergon\u00f3mico y punta media para una escritura suave.\" \/>\n<meta property=\"og:url\" content=\"https:\/\/lazo.es\/producto\/lapicero-pentel-bk91cra-a-negro\/\" \/>\n<meta property=\"og:site_name\" content=\"LAZO\" \/>\n<meta property=\"article:publisher\" content=\"https:\/\/www.facebook.com\/lazo.es\/\" \/>\n<meta property=\"article:modified_time\" content=\"2025-05-01T01:13:37+00:00\" \/>\n<meta property=\"og:image\" content=\"https:\/\/lazo.es\/wp-content\/uploads\/2022\/07\/Lapicero-pentel-bk91cra-a-negro-medium.jpg\" \/>\n\t<meta property=\"og:image:width\" content=\"1200\" \/>\n\t<meta property=\"og:image:height\" content=\"1200\" \/>\n\t<meta property=\"og:image:type\" content=\"image\/jpeg\" \/>\n<meta name=\"twitter:card\" content=\"summary_large_image\" \/>\n<meta name=\"twitter:site\" content=\"@lazosoluciones\" \/>\n<meta name=\"twitter:label1\" content=\"Price\" \/>\n\t<meta name=\"twitter:data1\" content=\"&#036;0,57\" \/>\n\t<meta name=\"twitter:label2\" content=\"Availability\" \/>\n\t<meta name=\"twitter:data2\" content=\"In stock\" \/>\n<script type=\"application\/ld+json\" class=\"yoast-schema-graph\">{\"@context\":\"https:\/\/schema.org\",\"@graph\":[{\"@type\":[\"WebPage\",\"ItemPage\"],\"@id\":\"https:\/\/lazo.es\/producto\/lapicero-pentel-bk91cra-a-negro\/\",\"url\":\"https:\/\/lazo.es\/producto\/lapicero-pentel-bk91cra-a-negro\/\",\"name\":\"Lapicero Pentel BK91CRA-A Color Negro - Herramienta de Escritura de Alta Calidad - LAZO\",\"isPartOf\":{\"@id\":\"https:\/\/lazo.es\/en\/#website\"},\"primaryImageOfPage\":{\"@id\":\"https:\/\/lazo.es\/producto\/lapicero-pentel-bk91cra-a-negro\/#primaryimage\"},\"image\":{\"@id\":\"https:\/\/lazo.es\/producto\/lapicero-pentel-bk91cra-a-negro\/#primaryimage\"},\"thumbnailUrl\":\"https:\/\/lazo.es\/wp-content\/uploads\/2022\/07\/Lapicero-pentel-bk91cra-a-negro-medium.jpg\",\"datePublished\":\"2022-07-07T21:23:01+00:00\",\"dateModified\":\"2025-05-01T01:13:37+00:00\",\"description\":\"El Lapicero Pentel BK91CRA-A es un bol\u00edgrafo de tinta negra, con dise\u00f1o ergon\u00f3mico y punta media para una escritura suave.\",\"breadcrumb\":{\"@id\":\"https:\/\/lazo.es\/producto\/lapicero-pentel-bk91cra-a-negro\/#breadcrumb\"},\"inLanguage\":\"en-US\",\"potentialAction\":[{\"@type\":\"ReadAction\",\"target\":[\"https:\/\/lazo.es\/producto\/lapicero-pentel-bk91cra-a-negro\/\"]}]},{\"@type\":\"ImageObject\",\"inLanguage\":\"en-US\",\"@id\":\"https:\/\/lazo.es\/producto\/lapicero-pentel-bk91cra-a-negro\/#primaryimage\",\"url\":\"https:\/\/lazo.es\/wp-content\/uploads\/2022\/07\/Lapicero-pentel-bk91cra-a-negro-medium.jpg\",\"contentUrl\":\"https:\/\/lazo.es\/wp-content\/uploads\/2022\/07\/Lapicero-pentel-bk91cra-a-negro-medium.jpg\",\"width\":1200,\"height\":1200},{\"@type\":\"BreadcrumbList\",\"@id\":\"https:\/\/lazo.es\/producto\/lapicero-pentel-bk91cra-a-negro\/#breadcrumb\",\"itemListElement\":[{\"@type\":\"ListItem\",\"position\":1,\"name\":\"Shop\",\"item\":\"https:\/\/lazo.es\/en\/shop-2\/\"},{\"@type\":\"ListItem\",\"position\":2,\"name\":\"Lapicero Pentel BK91CRA-A Color Negro &#8211; Herramienta de Escritura de Alta Calidad\"}]},{\"@type\":\"WebSite\",\"@id\":\"https:\/\/lazo.es\/en\/#website\",\"url\":\"https:\/\/lazo.es\/en\/\",\"name\":\"LAZO\",\"description\":\"Todo en un mismo lugar\",\"publisher\":{\"@id\":\"https:\/\/lazo.es\/en\/#organization\"},\"potentialAction\":[{\"@type\":\"SearchAction\",\"target\":{\"@type\":\"EntryPoint\",\"urlTemplate\":\"https:\/\/lazo.es\/en\/?s={search_term_string}\"},\"query-input\":{\"@type\":\"PropertyValueSpecification\",\"valueRequired\":true,\"valueName\":\"search_term_string\"}}],\"inLanguage\":\"en-US\"},{\"@type\":[\"Organization\",\"Place\",\"LocalBusiness\"],\"@id\":\"https:\/\/lazo.es\/en\/#organization\",\"name\":\"LAZO\",\"alternateName\":\"LAZO SOLUCIONES\",\"url\":\"https:\/\/lazo.es\/en\/\",\"logo\":{\"@id\":\"https:\/\/lazo.es\/producto\/lapicero-pentel-bk91cra-a-negro\/#local-main-organization-logo\"},\"image\":{\"@id\":\"https:\/\/lazo.es\/producto\/lapicero-pentel-bk91cra-a-negro\/#local-main-organization-logo\"},\"sameAs\":[\"https:\/\/www.facebook.com\/lazo.es\/\",\"https:\/\/x.com\/lazosoluciones\",\"https:\/\/www.instagram.com\/lazo.es\/\",\"https:\/\/www.linkedin.com\/in\/lazo-soluciones-07198659\/\",\"https:\/\/myspace.com\/lazo.es\",\"https:\/\/www.pinterest.com\/lazosolucion\/\",\"https:\/\/www.youtube.com\/channel\/UC5OpSoLgBwZ6hhe6ste_QFg\"],\"address\":{\"@id\":\"https:\/\/lazo.es\/producto\/lapicero-pentel-bk91cra-a-negro\/#local-main-place-address\"},\"geo\":{\"@type\":\"GeoCoordinates\",\"latitude\":\"11.6899576\",\"longitude\":\"-84.4514356\"},\"telephone\":[\"25724222\",\"57364020\"],\"openingHoursSpecification\":[{\"@type\":\"OpeningHoursSpecification\",\"dayOfWeek\":[\"Monday\",\"Tuesday\",\"Wednesday\",\"Thursday\",\"Friday\",\"Saturday\"],\"opens\":\"07:00\",\"closes\":\"19:00\"},{\"@type\":\"OpeningHoursSpecification\",\"dayOfWeek\":[\"Sunday\"],\"opens\":\"00:00\",\"closes\":\"00:00\"}],\"email\":\"info@lazo.es\",\"areaServed\":\"Nueva Guinea\",\"vatID\":\"6162304850000C\",\"priceRange\":\"$$$\",\"currenciesAccepted\":\"Cordoba, Dolar, Euro\",\"paymentAccepted\":\"Efectivo, Terjeta de Credito, Paypal, Payphone, Smartmoney\"},{\"@type\":\"PostalAddress\",\"@id\":\"https:\/\/lazo.es\/producto\/lapicero-pentel-bk91cra-a-negro\/#local-main-place-address\",\"streetAddress\":\"Del monumento 75 vrs E, Frente terminal de buses, Nueva Guinea.\",\"addressLocality\":\"NUEVA GUINEA\",\"postalCode\":\"82500\",\"addressRegion\":\"Regi\u00f3n Aut\u00f3noma de la Costa Caribe Sur\",\"addressCountry\":\"NI\"},{\"@type\":\"ImageObject\",\"inLanguage\":\"en-US\",\"@id\":\"https:\/\/lazo.es\/producto\/lapicero-pentel-bk91cra-a-negro\/#local-main-organization-logo\",\"url\":\"https:\/\/lazo.es\/wp-content\/uploads\/2022\/04\/lazo.png\",\"contentUrl\":\"https:\/\/lazo.es\/wp-content\/uploads\/2022\/04\/lazo.png\",\"width\":621,\"height\":621,\"caption\":\"LAZO\"}]}<\/script>\n<meta property=\"product:brand\" content=\"Pentel\" \/>\n<meta property=\"product:price:amount\" content=\"0.57\" \/>\n<meta property=\"product:price:currency\" content=\"USD\" \/>\n<meta property=\"og:availability\" content=\"instock\" \/>\n<meta property=\"product:availability\" content=\"instock\" \/>\n<meta property=\"product:retailer_item_id\" content=\"0072512231623\" \/>\n<meta property=\"product:condition\" content=\"new\" \/>\n<meta name=\"geo.placename\" content=\"NUEVA GUINEA\" \/>\n<meta name=\"geo.position\" content=\"11.6899576;-84.4514356\" \/>\n<meta name=\"geo.region\" content=\"Nicaragua\" \/>\n<!-- \/ Yoast SEO Premium plugin. -->","yoast_head_json":{"title":"Lapicero Pentel BK91CRA-A Color Negro - Herramienta de Escritura de Alta Calidad - LAZO","description":"El Lapicero Pentel BK91CRA-A es un bol\u00edgrafo de tinta negra, con dise\u00f1o ergon\u00f3mico y punta media para una escritura suave.","robots":{"index":"index","follow":"follow","max-snippet":"max-snippet:-1","max-image-preview":"max-image-preview:large","max-video-preview":"max-video-preview:-1"},"canonical":"https:\/\/lazo.es\/en\/producto\/lapicero-pentel-bk91cra-a-negro\/","og_locale":"en_US","og_type":"article","og_title":"Lapicero Pentel BK91CRA-A Color Negro - Herramienta de Escritura de Alta Calidad - LAZO","og_description":"El Lapicero Pentel BK91CRA-A es un bol\u00edgrafo de tinta negra, con dise\u00f1o ergon\u00f3mico y punta media para una escritura suave.","og_url":"https:\/\/lazo.es\/producto\/lapicero-pentel-bk91cra-a-negro\/","og_site_name":"LAZO","article_publisher":"https:\/\/www.facebook.com\/lazo.es\/","article_modified_time":"2025-05-01T01:13:37+00:00","og_image":[{"width":1200,"height":1200,"url":"https:\/\/lazo.es\/wp-content\/uploads\/2022\/07\/Lapicero-pentel-bk91cra-a-negro-medium.jpg","type":"image\/jpeg"}],"twitter_card":"summary_large_image","twitter_site":"@lazosoluciones","twitter_misc":{"Price":"&#36;0,57","Availability":"In stock"},"schema":{"@context":"https:\/\/schema.org","@graph":[{"@type":["WebPage","ItemPage"],"@id":"https:\/\/lazo.es\/producto\/lapicero-pentel-bk91cra-a-negro\/","url":"https:\/\/lazo.es\/producto\/lapicero-pentel-bk91cra-a-negro\/","name":"Lapicero Pentel BK91CRA-A Color Negro - Herramienta de Escritura de Alta Calidad - LAZO","isPartOf":{"@id":"https:\/\/lazo.es\/en\/#website"},"primaryImageOfPage":{"@id":"https:\/\/lazo.es\/producto\/lapicero-pentel-bk91cra-a-negro\/#primaryimage"},"image":{"@id":"https:\/\/lazo.es\/producto\/lapicero-pentel-bk91cra-a-negro\/#primaryimage"},"thumbnailUrl":"https:\/\/lazo.es\/wp-content\/uploads\/2022\/07\/Lapicero-pentel-bk91cra-a-negro-medium.jpg","datePublished":"2022-07-07T21:23:01+00:00","dateModified":"2025-05-01T01:13:37+00:00","description":"El Lapicero Pentel BK91CRA-A es un bol\u00edgrafo de tinta negra, con dise\u00f1o ergon\u00f3mico y punta media para una escritura suave.","breadcrumb":{"@id":"https:\/\/lazo.es\/producto\/lapicero-pentel-bk91cra-a-negro\/#breadcrumb"},"inLanguage":"en-US","potentialAction":[{"@type":"ReadAction","target":["https:\/\/lazo.es\/producto\/lapicero-pentel-bk91cra-a-negro\/"]}]},{"@type":"ImageObject","inLanguage":"en-US","@id":"https:\/\/lazo.es\/producto\/lapicero-pentel-bk91cra-a-negro\/#primaryimage","url":"https:\/\/lazo.es\/wp-content\/uploads\/2022\/07\/Lapicero-pentel-bk91cra-a-negro-medium.jpg","contentUrl":"https:\/\/lazo.es\/wp-content\/uploads\/2022\/07\/Lapicero-pentel-bk91cra-a-negro-medium.jpg","width":1200,"height":1200},{"@type":"BreadcrumbList","@id":"https:\/\/lazo.es\/producto\/lapicero-pentel-bk91cra-a-negro\/#breadcrumb","itemListElement":[{"@type":"ListItem","position":1,"name":"Shop","item":"https:\/\/lazo.es\/en\/shop-2\/"},{"@type":"ListItem","position":2,"name":"Lapicero Pentel BK91CRA-A Color Negro &#8211; Herramienta de Escritura de Alta Calidad"}]},{"@type":"WebSite","@id":"https:\/\/lazo.es\/en\/#website","url":"https:\/\/lazo.es\/en\/","name":"LAZO","description":"Todo en un mismo lugar","publisher":{"@id":"https:\/\/lazo.es\/en\/#organization"},"potentialAction":[{"@type":"SearchAction","target":{"@type":"EntryPoint","urlTemplate":"https:\/\/lazo.es\/en\/?s={search_term_string}"},"query-input":{"@type":"PropertyValueSpecification","valueRequired":true,"valueName":"search_term_string"}}],"inLanguage":"en-US"},{"@type":["Organization","Place","LocalBusiness"],"@id":"https:\/\/lazo.es\/en\/#organization","name":"LAZO","alternateName":"LAZO SOLUCIONES","url":"https:\/\/lazo.es\/en\/","logo":{"@id":"https:\/\/lazo.es\/producto\/lapicero-pentel-bk91cra-a-negro\/#local-main-organization-logo"},"image":{"@id":"https:\/\/lazo.es\/producto\/lapicero-pentel-bk91cra-a-negro\/#local-main-organization-logo"},"sameAs":["https:\/\/www.facebook.com\/lazo.es\/","https:\/\/x.com\/lazosoluciones","https:\/\/www.instagram.com\/lazo.es\/","https:\/\/www.linkedin.com\/in\/lazo-soluciones-07198659\/","https:\/\/myspace.com\/lazo.es","https:\/\/www.pinterest.com\/lazosolucion\/","https:\/\/www.youtube.com\/channel\/UC5OpSoLgBwZ6hhe6ste_QFg"],"address":{"@id":"https:\/\/lazo.es\/producto\/lapicero-pentel-bk91cra-a-negro\/#local-main-place-address"},"geo":{"@type":"GeoCoordinates","latitude":"11.6899576","longitude":"-84.4514356"},"telephone":["25724222","57364020"],"openingHoursSpecification":[{"@type":"OpeningHoursSpecification","dayOfWeek":["Monday","Tuesday","Wednesday","Thursday","Friday","Saturday"],"opens":"07:00","closes":"19:00"},{"@type":"OpeningHoursSpecification","dayOfWeek":["Sunday"],"opens":"00:00","closes":"00:00"}],"email":"info@lazo.es","areaServed":"Nueva Guinea","vatID":"6162304850000C","priceRange":"$$$","currenciesAccepted":"Cordoba, Dolar, Euro","paymentAccepted":"Efectivo, Terjeta de Credito, Paypal, Payphone, Smartmoney"},{"@type":"PostalAddress","@id":"https:\/\/lazo.es\/producto\/lapicero-pentel-bk91cra-a-negro\/#local-main-place-address","streetAddress":"Del monumento 75 vrs E, Frente terminal de buses, Nueva Guinea.","addressLocality":"NUEVA GUINEA","postalCode":"82500","addressRegion":"Regi\u00f3n Aut\u00f3noma de la Costa Caribe Sur","addressCountry":"NI"},{"@type":"ImageObject","inLanguage":"en-US","@id":"https:\/\/lazo.es\/producto\/lapicero-pentel-bk91cra-a-negro\/#local-main-organization-logo","url":"https:\/\/lazo.es\/wp-content\/uploads\/2022\/04\/lazo.png","contentUrl":"https:\/\/lazo.es\/wp-content\/uploads\/2022\/04\/lazo.png","width":621,"height":621,"caption":"LAZO"}]},"product_brand":"Pentel","product_price_amount":"0.57","product_price_currency":"USD","og_availability":"instock","product_availability":"instock","product_retailer_item_id":"0072512231623","product_condition":"new","geo.placename":"NUEVA GUINEA","geo.position":{"lat":"11.6899576","long":"-84.4514356"},"geo.region":"Nicaragua"},"jetpack_publicize_connections":[],"jetpack_sharing_enabled":true,"_links":{"self":[{"href":"https:\/\/lazo.es\/en\/wp-json\/wp\/v2\/product\/20163","targetHints":{"allow":["GET"]}}],"collection":[{"href":"https:\/\/lazo.es\/en\/wp-json\/wp\/v2\/product"}],"about":[{"href":"https:\/\/lazo.es\/en\/wp-json\/wp\/v2\/types\/product"}],"replies":[{"embeddable":true,"href":"https:\/\/lazo.es\/en\/wp-json\/wp\/v2\/comments?post=20163"}],"wp:featuredmedia":[{"embeddable":true,"href":"https:\/\/lazo.es\/en\/wp-json\/wp\/v2\/media\/20289"}],"wp:attachment":[{"href":"https:\/\/lazo.es\/en\/wp-json\/wp\/v2\/media?parent=20163"}],"wp:term":[{"taxonomy":"product_brand","embeddable":true,"href":"https:\/\/lazo.es\/en\/wp-json\/wp\/v2\/product_brand?post=20163"},{"taxonomy":"product_cat","embeddable":true,"href":"https:\/\/lazo.es\/en\/wp-json\/wp\/v2\/product_cat?post=20163"},{"taxonomy":"product_tag","embeddable":true,"href":"https:\/\/lazo.es\/en\/wp-json\/wp\/v2\/product_tag?post=20163"}],"curies":[{"name":"wp","href":"https:\/\/api.w.org\/{rel}","templated":true}]}}