{"id":45393,"date":"2025-06-13T15:06:37","date_gmt":"2025-06-13T21:06:37","guid":{"rendered":"https:\/\/lazo.es\/producto\/how-to-train-your-dragon-2025\/"},"modified":"2026-03-16T15:42:53","modified_gmt":"2026-03-16T21:42:53","slug":"how-to-train-your-dragon-2025","status":"publish","type":"product","link":"https:\/\/lazo.es\/en\/producto\/how-to-train-your-dragon-2025\/","title":{"rendered":"How to Train Your Dragon (2025)"},"content":{"rendered":"<h3 class=\"ng-star-inserted\"><strong class=\"ng-star-inserted\"><span class=\"ng-star-inserted\">Review: &#8220;How to Train Your Dragon&#8221; (2025) &#8211; The Heart of the Dragon Beats Again<\/span><\/strong><\/h3>\n<p class=\"ng-star-inserted\"><span class=\"ng-star-inserted\">Every fan&#8217;s biggest fear was whether the magic would be lost in the jump to live-action. They can breathe easy:   <\/span><strong class=\"ng-star-inserted\"><span class=\"ng-star-inserted\">the magic not only remains intact, but flies higher than ever.<\/span><\/strong><\/p>\n<p class=\"ng-star-inserted\"><span class=\"ng-star-inserted\">The new &#8220;How to Train Your Dragon&#8221; is a triumph that honors every frame of the original film. The key to its success lies on two pillars: a   <\/span><strong class=\"ng-star-inserted\"><span class=\"ng-star-inserted\">Toothless<\/span><\/strong><span class=\"ng-star-inserted\">  that steals the breath and the heart of the story. He&#8217;s not just a digital effect; he&#8217;s a creature that breathes, feels and wins you over with every curious glance and playful growl. The chemistry between him and an excellent    <\/span><strong class=\"ng-star-inserted\"><span class=\"ng-star-inserted\">Mason Thames<\/span><\/strong><span class=\"ng-star-inserted\"> as Hiccup is pure emotion.<\/span><\/p>\n<p class=\"ng-star-inserted\"><span class=\"ng-star-inserted\">Visually, it&#8217;s a spectacle. The flying scenes will leave you glued to your seat with a smile, especially when John Powell&#8217;s iconic music floods the room. And having    <\/span><strong class=\"ng-star-inserted\"><span class=\"ng-star-inserted\">Gerard Butler<\/span><\/strong><span class=\"ng-star-inserted\"> back as Stoic, now in the flesh, is the perfect anchor connecting this new world to the legacy we love.<\/span><\/p>\n<p class=\"ng-star-inserted\"><span class=\"ng-star-inserted\"><b>This<\/b>is not a simple copy, it is a tribute made with love. A movie that will make you feel the same wonder, the same emotion and the same desire to have a dragon as the first time. <\/span><\/p>\n<p class=\"ng-star-inserted\"><strong class=\"ng-star-inserted\"><span class=\"ng-star-inserted\">Verdict: A straight-to-the-heart flight that will delight fans and new riders alike.<\/span><\/strong><\/p>\n<p>&nbsp;<\/p>\n<p><iframe title=\"C\u00f3mo entrenar a tu drag\u00f3n | Tr\u00e1iler IMAX oficial\" width=\"500\" height=\"281\" src=\"https:\/\/www.youtube.com\/embed\/FQM-V1CF-Zw?feature=oembed\" frameborder=\"0\" allow=\"accelerometer; autoplay; clipboard-write; encrypted-media; gyroscope; picture-in-picture; web-share\" referrerpolicy=\"strict-origin-when-cross-origin\" allowfullscreen><\/iframe><\/p>\n","protected":false},"excerpt":{"rendered":"<p class=\"ai-optimize-33\"><iframe class=\"rumble\" src=\"https:\/\/rumble.com\/embed\/v6sk46h\/?pub=4c8o5h\" width=\"320\" height=\"180\" frameborder=\"0\" allowfullscreen=\"allowfullscreen\"><span data-mce-type=\"bookmark\" style=\"display: inline-block; width: 0px; overflow: hidden; line-height: 0;\" class=\"mce_SELRES_start\"><\/span><\/iframe><\/p>\n","protected":false},"featured_media":44474,"comment_status":"open","ping_status":"closed","template":"","meta":{"rs_blank_template":"","rs_page_bg_color":"","slide_template_v7":"","jetpack_publicize_message":"","jetpack_publicize_feature_enabled":true,"jetpack_social_post_already_shared":false,"jetpack_social_options":{"image_generator_settings":{"template":"highway","default_image_id":0,"font":"","enabled":false},"version":2}},"product_brand":[],"product_cat":[4498],"product_tag":[],"class_list":{"0":"post-45393","1":"product","2":"type-product","3":"status-publish","4":"has-post-thumbnail","6":"product_cat-uncategorized","8":"first","9":"instock","10":"shipping-taxable","11":"product-type-simple"},"yoast_head":"<!-- This site is optimized with the Yoast SEO Premium plugin v27.3 (Yoast SEO v27.4) - https:\/\/yoast.com\/product\/yoast-seo-premium-wordpress\/ -->\n<title>How to Train Your Dragon (2025) - LAZO<\/title>\n<meta name=\"robots\" content=\"index, follow, max-snippet:-1, max-image-preview:large, max-video-preview:-1\" \/>\n<link rel=\"canonical\" href=\"https:\/\/lazo.es\/en\/producto\/how-to-train-your-dragon-2025\/\" \/>\n<meta property=\"og:locale\" content=\"en_US\" \/>\n<meta property=\"og:type\" content=\"article\" \/>\n<meta property=\"og:title\" content=\"How to Train Your Dragon (2025) - LAZO\" \/>\n<meta property=\"og:url\" content=\"https:\/\/lazo.es\/en\/producto\/how-to-train-your-dragon-2025\/\" \/>\n<meta property=\"og:site_name\" content=\"LAZO\" \/>\n<meta property=\"article:publisher\" content=\"https:\/\/www.facebook.com\/lazo.es\/\" \/>\n<meta property=\"article:modified_time\" content=\"2026-03-16T21:42:53+00:00\" \/>\n<meta property=\"og:image\" content=\"https:\/\/lazo.es\/wp-content\/uploads\/2025\/06\/jjIMuSk3mSJq520D2spSLJbJxrw.webp\" \/>\n\t<meta property=\"og:image:width\" content=\"1280\" \/>\n\t<meta property=\"og:image:height\" content=\"720\" \/>\n\t<meta property=\"og:image:type\" content=\"image\/webp\" \/>\n<meta name=\"twitter:card\" content=\"summary_large_image\" \/>\n<meta name=\"twitter:site\" content=\"@lazosoluciones\" \/>\n<meta name=\"twitter:label1\" content=\"Price\" \/>\n\t<meta name=\"twitter:data1\" content=\"\" \/>\n\t<meta name=\"twitter:label2\" content=\"Availability\" \/>\n\t<meta name=\"twitter:data2\" content=\"In stock\" \/>\n<script type=\"application\/ld+json\" class=\"yoast-schema-graph\">{\"@context\":\"https:\\\/\\\/schema.org\",\"@graph\":[{\"@type\":[\"WebPage\",\"ItemPage\"],\"@id\":\"https:\\\/\\\/lazo.es\\\/en\\\/producto\\\/how-to-train-your-dragon-2025\\\/\",\"url\":\"https:\\\/\\\/lazo.es\\\/en\\\/producto\\\/how-to-train-your-dragon-2025\\\/\",\"name\":\"How to Train Your Dragon (2025) - LAZO\",\"isPartOf\":{\"@id\":\"https:\\\/\\\/lazo.es\\\/en\\\/#website\"},\"primaryImageOfPage\":{\"@id\":\"https:\\\/\\\/lazo.es\\\/en\\\/producto\\\/how-to-train-your-dragon-2025\\\/#primaryimage\"},\"image\":{\"@id\":\"https:\\\/\\\/lazo.es\\\/en\\\/producto\\\/how-to-train-your-dragon-2025\\\/#primaryimage\"},\"thumbnailUrl\":\"https:\\\/\\\/lazo.es\\\/wp-content\\\/uploads\\\/2025\\\/06\\\/jjIMuSk3mSJq520D2spSLJbJxrw.webp\",\"datePublished\":\"2025-06-13T21:06:37+00:00\",\"dateModified\":\"2026-03-16T21:42:53+00:00\",\"breadcrumb\":{\"@id\":\"https:\\\/\\\/lazo.es\\\/en\\\/producto\\\/how-to-train-your-dragon-2025\\\/#breadcrumb\"},\"inLanguage\":\"en-US\",\"potentialAction\":[{\"@type\":\"ReadAction\",\"target\":[\"https:\\\/\\\/lazo.es\\\/en\\\/producto\\\/how-to-train-your-dragon-2025\\\/\"]}]},{\"@type\":\"ImageObject\",\"inLanguage\":\"en-US\",\"@id\":\"https:\\\/\\\/lazo.es\\\/en\\\/producto\\\/how-to-train-your-dragon-2025\\\/#primaryimage\",\"url\":\"https:\\\/\\\/lazo.es\\\/wp-content\\\/uploads\\\/2025\\\/06\\\/jjIMuSk3mSJq520D2spSLJbJxrw.webp\",\"contentUrl\":\"https:\\\/\\\/lazo.es\\\/wp-content\\\/uploads\\\/2025\\\/06\\\/jjIMuSk3mSJq520D2spSLJbJxrw.webp\",\"width\":1280,\"height\":720},{\"@type\":\"BreadcrumbList\",\"@id\":\"https:\\\/\\\/lazo.es\\\/en\\\/producto\\\/how-to-train-your-dragon-2025\\\/#breadcrumb\",\"itemListElement\":[{\"@type\":\"ListItem\",\"position\":1,\"name\":\"Shop\",\"item\":\"https:\\\/\\\/lazo.es\\\/en\\\/shop-2\\\/\"},{\"@type\":\"ListItem\",\"position\":2,\"name\":\"How to Train Your Dragon (2025)\"}]},{\"@type\":\"WebSite\",\"@id\":\"https:\\\/\\\/lazo.es\\\/en\\\/#website\",\"url\":\"https:\\\/\\\/lazo.es\\\/en\\\/\",\"name\":\"LAZO\",\"description\":\"Todo en un mismo lugar\",\"publisher\":{\"@id\":\"https:\\\/\\\/lazo.es\\\/en\\\/#organization\"},\"potentialAction\":[{\"@type\":\"SearchAction\",\"target\":{\"@type\":\"EntryPoint\",\"urlTemplate\":\"https:\\\/\\\/lazo.es\\\/en\\\/?s={search_term_string}\"},\"query-input\":{\"@type\":\"PropertyValueSpecification\",\"valueRequired\":true,\"valueName\":\"search_term_string\"}}],\"inLanguage\":\"en-US\"},{\"@type\":[\"Organization\",\"Place\",\"LocalBusiness\"],\"@id\":\"https:\\\/\\\/lazo.es\\\/en\\\/#organization\",\"name\":\"LAZO\",\"alternateName\":\"LAZO SOLUCIONES\",\"url\":\"https:\\\/\\\/lazo.es\\\/en\\\/\",\"logo\":{\"@id\":\"https:\\\/\\\/lazo.es\\\/en\\\/producto\\\/how-to-train-your-dragon-2025\\\/#local-main-organization-logo\"},\"image\":{\"@id\":\"https:\\\/\\\/lazo.es\\\/en\\\/producto\\\/how-to-train-your-dragon-2025\\\/#local-main-organization-logo\"},\"sameAs\":[\"https:\\\/\\\/www.facebook.com\\\/lazo.es\\\/\",\"https:\\\/\\\/x.com\\\/lazosoluciones\",\"https:\\\/\\\/www.instagram.com\\\/lazo.es\\\/\",\"https:\\\/\\\/www.linkedin.com\\\/in\\\/lazo-soluciones-07198659\\\/\",\"https:\\\/\\\/myspace.com\\\/lazo.es\",\"https:\\\/\\\/www.pinterest.com\\\/lazosolucion\\\/\",\"https:\\\/\\\/www.youtube.com\\\/channel\\\/UC5OpSoLgBwZ6hhe6ste_QFg\"],\"address\":{\"@id\":\"https:\\\/\\\/lazo.es\\\/en\\\/producto\\\/how-to-train-your-dragon-2025\\\/#local-main-place-address\"},\"geo\":{\"@type\":\"GeoCoordinates\",\"latitude\":\"11.6899576\",\"longitude\":\"-84.4514356\"},\"telephone\":[\"25724222\",\"57364020\"],\"openingHoursSpecification\":[{\"@type\":\"OpeningHoursSpecification\",\"dayOfWeek\":[\"Monday\",\"Tuesday\",\"Wednesday\",\"Thursday\",\"Friday\",\"Saturday\"],\"opens\":\"07:00\",\"closes\":\"19:00\"},{\"@type\":\"OpeningHoursSpecification\",\"dayOfWeek\":[\"Sunday\"],\"opens\":\"00:00\",\"closes\":\"00:00\"}],\"email\":\"info@lazo.es\",\"areaServed\":\"Nueva Guinea\",\"vatID\":\"6162304850000C\",\"priceRange\":\"$$$\",\"currenciesAccepted\":\"Cordoba, Dolar, Euro\",\"paymentAccepted\":\"Efectivo, Terjeta de Credito, Paypal, Payphone, Smartmoney\"},{\"@type\":\"PostalAddress\",\"@id\":\"https:\\\/\\\/lazo.es\\\/en\\\/producto\\\/how-to-train-your-dragon-2025\\\/#local-main-place-address\",\"streetAddress\":\"Del monumento 75 vrs E, Frente terminal de buses, Nueva Guinea.\",\"addressLocality\":\"NUEVA GUINEA\",\"postalCode\":\"82500\",\"addressRegion\":\"Regi\u00f3n Aut\u00f3noma de la Costa Caribe Sur\",\"addressCountry\":\"NI\"},{\"@type\":\"ImageObject\",\"inLanguage\":\"en-US\",\"@id\":\"https:\\\/\\\/lazo.es\\\/en\\\/producto\\\/how-to-train-your-dragon-2025\\\/#local-main-organization-logo\",\"url\":\"https:\\\/\\\/lazo.es\\\/wp-content\\\/uploads\\\/2022\\\/04\\\/lazo.png\",\"contentUrl\":\"https:\\\/\\\/lazo.es\\\/wp-content\\\/uploads\\\/2022\\\/04\\\/lazo.png\",\"width\":621,\"height\":621,\"caption\":\"LAZO\"}]}<\/script>\n<meta property=\"product:price:currency\" content=\"USD\" \/>\n<meta property=\"og:availability\" content=\"instock\" \/>\n<meta property=\"product:availability\" content=\"instock\" \/>\n<meta property=\"product:condition\" content=\"new\" \/>\n<meta name=\"geo.placename\" content=\"NUEVA GUINEA\" \/>\n<meta name=\"geo.position\" content=\"11.6899576;-84.4514356\" \/>\n<meta name=\"geo.region\" content=\"Nicaragua\" \/>\n<!-- \/ Yoast SEO Premium plugin. -->","yoast_head_json":{"title":"How to Train Your Dragon (2025) - LAZO","robots":{"index":"index","follow":"follow","max-snippet":"max-snippet:-1","max-image-preview":"max-image-preview:large","max-video-preview":"max-video-preview:-1"},"canonical":"https:\/\/lazo.es\/en\/producto\/how-to-train-your-dragon-2025\/","og_locale":"en_US","og_type":"article","og_title":"How to Train Your Dragon (2025) - LAZO","og_url":"https:\/\/lazo.es\/en\/producto\/how-to-train-your-dragon-2025\/","og_site_name":"LAZO","article_publisher":"https:\/\/www.facebook.com\/lazo.es\/","article_modified_time":"2026-03-16T21:42:53+00:00","og_image":[{"width":1280,"height":720,"url":"https:\/\/lazo.es\/wp-content\/uploads\/2025\/06\/jjIMuSk3mSJq520D2spSLJbJxrw.webp","type":"image\/webp"}],"twitter_card":"summary_large_image","twitter_site":"@lazosoluciones","twitter_misc":{"Price":"","Availability":"In stock"},"schema":{"@context":"https:\/\/schema.org","@graph":[{"@type":["WebPage","ItemPage"],"@id":"https:\/\/lazo.es\/en\/producto\/how-to-train-your-dragon-2025\/","url":"https:\/\/lazo.es\/en\/producto\/how-to-train-your-dragon-2025\/","name":"How to Train Your Dragon (2025) - LAZO","isPartOf":{"@id":"https:\/\/lazo.es\/en\/#website"},"primaryImageOfPage":{"@id":"https:\/\/lazo.es\/en\/producto\/how-to-train-your-dragon-2025\/#primaryimage"},"image":{"@id":"https:\/\/lazo.es\/en\/producto\/how-to-train-your-dragon-2025\/#primaryimage"},"thumbnailUrl":"https:\/\/lazo.es\/wp-content\/uploads\/2025\/06\/jjIMuSk3mSJq520D2spSLJbJxrw.webp","datePublished":"2025-06-13T21:06:37+00:00","dateModified":"2026-03-16T21:42:53+00:00","breadcrumb":{"@id":"https:\/\/lazo.es\/en\/producto\/how-to-train-your-dragon-2025\/#breadcrumb"},"inLanguage":"en-US","potentialAction":[{"@type":"ReadAction","target":["https:\/\/lazo.es\/en\/producto\/how-to-train-your-dragon-2025\/"]}]},{"@type":"ImageObject","inLanguage":"en-US","@id":"https:\/\/lazo.es\/en\/producto\/how-to-train-your-dragon-2025\/#primaryimage","url":"https:\/\/lazo.es\/wp-content\/uploads\/2025\/06\/jjIMuSk3mSJq520D2spSLJbJxrw.webp","contentUrl":"https:\/\/lazo.es\/wp-content\/uploads\/2025\/06\/jjIMuSk3mSJq520D2spSLJbJxrw.webp","width":1280,"height":720},{"@type":"BreadcrumbList","@id":"https:\/\/lazo.es\/en\/producto\/how-to-train-your-dragon-2025\/#breadcrumb","itemListElement":[{"@type":"ListItem","position":1,"name":"Shop","item":"https:\/\/lazo.es\/en\/shop-2\/"},{"@type":"ListItem","position":2,"name":"How to Train Your Dragon (2025)"}]},{"@type":"WebSite","@id":"https:\/\/lazo.es\/en\/#website","url":"https:\/\/lazo.es\/en\/","name":"LAZO","description":"Todo en un mismo lugar","publisher":{"@id":"https:\/\/lazo.es\/en\/#organization"},"potentialAction":[{"@type":"SearchAction","target":{"@type":"EntryPoint","urlTemplate":"https:\/\/lazo.es\/en\/?s={search_term_string}"},"query-input":{"@type":"PropertyValueSpecification","valueRequired":true,"valueName":"search_term_string"}}],"inLanguage":"en-US"},{"@type":["Organization","Place","LocalBusiness"],"@id":"https:\/\/lazo.es\/en\/#organization","name":"LAZO","alternateName":"LAZO SOLUCIONES","url":"https:\/\/lazo.es\/en\/","logo":{"@id":"https:\/\/lazo.es\/en\/producto\/how-to-train-your-dragon-2025\/#local-main-organization-logo"},"image":{"@id":"https:\/\/lazo.es\/en\/producto\/how-to-train-your-dragon-2025\/#local-main-organization-logo"},"sameAs":["https:\/\/www.facebook.com\/lazo.es\/","https:\/\/x.com\/lazosoluciones","https:\/\/www.instagram.com\/lazo.es\/","https:\/\/www.linkedin.com\/in\/lazo-soluciones-07198659\/","https:\/\/myspace.com\/lazo.es","https:\/\/www.pinterest.com\/lazosolucion\/","https:\/\/www.youtube.com\/channel\/UC5OpSoLgBwZ6hhe6ste_QFg"],"address":{"@id":"https:\/\/lazo.es\/en\/producto\/how-to-train-your-dragon-2025\/#local-main-place-address"},"geo":{"@type":"GeoCoordinates","latitude":"11.6899576","longitude":"-84.4514356"},"telephone":["25724222","57364020"],"openingHoursSpecification":[{"@type":"OpeningHoursSpecification","dayOfWeek":["Monday","Tuesday","Wednesday","Thursday","Friday","Saturday"],"opens":"07:00","closes":"19:00"},{"@type":"OpeningHoursSpecification","dayOfWeek":["Sunday"],"opens":"00:00","closes":"00:00"}],"email":"info@lazo.es","areaServed":"Nueva Guinea","vatID":"6162304850000C","priceRange":"$$$","currenciesAccepted":"Cordoba, Dolar, Euro","paymentAccepted":"Efectivo, Terjeta de Credito, Paypal, Payphone, Smartmoney"},{"@type":"PostalAddress","@id":"https:\/\/lazo.es\/en\/producto\/how-to-train-your-dragon-2025\/#local-main-place-address","streetAddress":"Del monumento 75 vrs E, Frente terminal de buses, Nueva Guinea.","addressLocality":"NUEVA GUINEA","postalCode":"82500","addressRegion":"Regi\u00f3n Aut\u00f3noma de la Costa Caribe Sur","addressCountry":"NI"},{"@type":"ImageObject","inLanguage":"en-US","@id":"https:\/\/lazo.es\/en\/producto\/how-to-train-your-dragon-2025\/#local-main-organization-logo","url":"https:\/\/lazo.es\/wp-content\/uploads\/2022\/04\/lazo.png","contentUrl":"https:\/\/lazo.es\/wp-content\/uploads\/2022\/04\/lazo.png","width":621,"height":621,"caption":"LAZO"}]},"product_price_currency":"USD","og_availability":"instock","product_availability":"instock","product_condition":"new","geo.placename":"NUEVA GUINEA","geo.position":{"lat":"11.6899576","long":"-84.4514356"},"geo.region":"Nicaragua"},"jetpack_publicize_connections":[],"jetpack_sharing_enabled":true,"_links":{"self":[{"href":"https:\/\/lazo.es\/en\/wp-json\/wp\/v2\/product\/45393","targetHints":{"allow":["GET"]}}],"collection":[{"href":"https:\/\/lazo.es\/en\/wp-json\/wp\/v2\/product"}],"about":[{"href":"https:\/\/lazo.es\/en\/wp-json\/wp\/v2\/types\/product"}],"replies":[{"embeddable":true,"href":"https:\/\/lazo.es\/en\/wp-json\/wp\/v2\/comments?post=45393"}],"wp:featuredmedia":[{"embeddable":true,"href":"https:\/\/lazo.es\/en\/wp-json\/wp\/v2\/media\/44474"}],"wp:attachment":[{"href":"https:\/\/lazo.es\/en\/wp-json\/wp\/v2\/media?parent=45393"}],"wp:term":[{"taxonomy":"product_brand","embeddable":true,"href":"https:\/\/lazo.es\/en\/wp-json\/wp\/v2\/product_brand?post=45393"},{"taxonomy":"product_cat","embeddable":true,"href":"https:\/\/lazo.es\/en\/wp-json\/wp\/v2\/product_cat?post=45393"},{"taxonomy":"product_tag","embeddable":true,"href":"https:\/\/lazo.es\/en\/wp-json\/wp\/v2\/product_tag?post=45393"}],"curies":[{"name":"wp","href":"https:\/\/api.w.org\/{rel}","templated":true}]}}